{"id":139,"date":"2014-04-25T12:14:56","date_gmt":"2014-04-25T12:14:56","guid":{"rendered":"http:\/\/thp-helmich.net\/?page_id=139"},"modified":"2019-12-17T16:10:34","modified_gmt":"2019-12-17T16:10:34","slug":"blog-das-tierhomoeopathische-abc","status":"publish","type":"page","link":"https:\/\/thp-helmich.net\/?page_id=139","title":{"rendered":"ABC"},"content":{"rendered":"<p>Hom\u00f6opathen benutzen h\u00e4ufig ein sehr spezielles Vokabular, das sie sich durch die Lekt\u00fcre von Samuel Hahnemanns Schriften zueigen gemacht haben. Meist denken sie gar nicht mehr dar\u00fcber nach, dass Ihnen der eine oder andere Begriff vielleicht nicht vertraut ist. F\u00fcr Neulinge in der Hom\u00f6opathie k\u00f6nnen diese Begriffe recht verwirrend sein. In diesem Blog werde ich daher nach und nach ein kleines klassisch hom\u00f6opathisches ABC f\u00fcr alle zusammenstellen, die es genauer wissen wollen. Ein kleiner Tipp: Tauchen in einem Eintrag <strong>fett gedruckte Begriffe<\/strong> oder ein Link auf, so gibt es zu diesem Begriff einen eigenen Eintrag im ABC oder Sie finden auf einer anderen Seite von www.thp-helmich.net Informationen dazu. Viel Spa\u00df beim Schm\u00f6kern!<\/p>\n<p><strong>A<\/strong><br \/>\nwie &#8230;<\/p>\n<p>&#8211;&nbsp;<strong>\u00c4hnlichkeitsprinzip:&nbsp;<\/strong>Um das \u201e\u00c4hnlichkeitsprinzip\u201c rankt sich fast die gesamte Theorie der Hom\u00f6opathie. Die von Hahnemann formulierte Theorie besagt, dass eine Krankheit durch die Gabe einer Arznei aufhebbar ist, die an einem gesunden Wesen die so \u00e4hnlich wie m\u00f6glichen Symptome auszul\u00f6sen im Stande ist (also eine von Hahnemann \u201eKunstkrankheit\u201c genannte Reaktion ausl\u00f6st). Das klingt jetzt erst einmal komisch und vor allem kompliziert. Also noch einmal von vorne. Ich gebe eine stark verd\u00fcnnte und potenzierte Substanz, die ganz \u00e4hnliche Symptome am gesunden Wesen ausl\u00f6st, wie ich sie durch meine Krankheit zeige. Wie soll denn das gehen und warum kann ich denn nicht einfach die Substanz, die die Krankheit ausgel\u00f6st hat, hom\u00f6opathisch potenzieren und dann die Krankheit angehen, z. B. also mit Apis mellifica (Honigbiene) einen Bienenstich behandeln und nicht mit Vespa (Wespe)? Ich m\u00f6chte zur Erkl\u00e4rung folgende Situation heranziehen:<\/p>\n<p>Stellen Sie sich vor, Sie haben aus Versehen mit einem Permanent Marker an ein Whiteboard geschrieben. Mir ist exakt das einmal passiert. Wischen half nichts. Ich war verzweifelt und vor allem sicher, die Tafel ruiniert zu haben. Da l\u00e4chelte mich eine Mitstudentin an und sagte: \u201eSchreib einfach \u00fcber die Schrift noch einmal mit einem Whiteboardstift und dann kannst du es wegwischen.\u201c Ich hielt meine Mitstudentin zuerst f\u00fcr verr\u00fcckt, dann dachte ich aber: \u201eZu verlieren hast du nichts, im Zweifelsfall musst du eben eine neue Tafel besorgen\u201c. Und sie hatte recht. Die \u201eKrankheit\u201c Permanent Marker wurde durch den \u201e\u00c4hnlichen\u201c Whiteboardmarker \u00fcberdeckt und lie\u00df sich dann entfernen. Dies passiert nicht, wenn ich noch einmal mit dem Permanent Marker \u00fcber die Schrift schreibe. Auch wenn der Whiteboardmarker in diesem Fall nat\u00fcrlich keine hom\u00f6opathisch potenzierte Arznei gegen wasserfeste Stifte ist, beschreibt dieses Beispiel, wie ich finde, sehr gut das \u00c4hnlichkeitsprinzip. Wichtig ist zu Hahnemanns Theorie erg\u00e4nzend vielleicht noch zu sagen, dass der Impuls durch das nach dem \u00c4hnlichkeitsprinzip gew\u00e4hlte Mittel immer ein wenig st\u00e4rker sein muss, als die Krankheit, die im K\u00f6rper vorhanden ist. Aber dazu mehr im Eintrag <strong>Potenz\/Dosierung<\/strong>.<\/p>\n<p>&#8211; <strong>Anamnese:&nbsp;<\/strong>Das griechische Wort an\u00e1mn<span class=\"Apple-style-span\" style=\"color: #252525;\"><span xml:lang=\"grc-Latn\" lang=\"grc-Latn\"><i>\u0113sis&nbsp;<\/i>bedeutet &#8222;Erinnerung&#8220;. Der Begriff wird im medizinischen Kontext, also auch von Schulmedizinern f\u00fcr die Erhebung der Krankheitsgeschichte verwendet. F\u00fcr Hom\u00f6opathen jedoch geht die Anamnese weiter. Hahnemann begriff nicht nur die Krankheitssymptome des Lebewesens als Ausdruck des pers\u00f6nlichen Leidensbildes, sondern auch jene ungew\u00f6hnlichen Eigenheiten, die beinahe jedes Wesen aufweist (siehe ABC-Eintrag zu &#8222;Paragraph 153). Erst in einer m\u00f6glichst vollst\u00e4ndigen Abbildung des Wesens, seiner Reaktion auf eine Erkrankung, seiner Empfindungen und seiner Lebensumst\u00e4nde wird die hom\u00f6opathische Anamnese rund. Und das ist auch der Grund daf\u00fcr, dass hom\u00f6opathische Erst- und Folgegespr\u00e4che mitunter recht lang dauern. Mehr dazu finden Sie auch&nbsp;<a href=\"http:\/\/thp-helmich.net\/?page_id=19\">hier<\/a>.<\/span><\/span><\/p>\n<p>&#8211;&nbsp;<strong>Aude sapere:<\/strong> Diesen lateinischen Leitsatz stellte Hahnemann seinem Organon der Heilkunst ab der 2. Auflage voran. Er bedeutet so viel wie: Wage zu wissen. Ein sch\u00f6ner Leitsatz eigentlich. F\u00fcr Hahnemann war es essenziell, dass die Handlungen des Therapeuten, aus &#8222;deutlich einzusehenden Gr\u00fcnden&#8220; erfolgten, &nbsp;also stets nachvollziehbar und logisch begr\u00fcndbar waren. Er forschte immer weiter und wollte es ganz genau wissen. Das galt f\u00fcr die Krankheitsgeschichten seiner Patienten genauso wie f\u00fcr die Ergr\u00fcndung von Arzneimittelwirkungen.<\/p>\n<p><strong>P<\/strong><br \/>\nwie &#8230;<\/p>\n<p>&#8211; <strong>Paragraph 153, kurz: der &#8222;153er&#8220;:&nbsp;<\/strong>Der Paragraph 153 in Samuel Hahnemanns Organon der Heilkunst ist einer der zentralsten Paragraphen in seiner Abhandlung \u00fcber die Anamnese und insbesondere die&nbsp;Arzneimittelfindung. Er beschreibt hier, dass zur Mittelfindung besonders die &#8222;auffallendern, sonderlichen, ungew\u00f6hnlichen und eigenheitlichen (charakteristischen) Zeichen und Symptome des Krankheitsfalles&#8220; heranzuziehen sind. Mit anderen Worten: Alles, was ihr Tier an ungew\u00f6hnlichen Angewohnheiten oder Vorlieben hat. Ihr Hund frisst gern Chili-Chips, wenn er Durchfall hat? Dann&nbsp;kann das einer\/einem Tierhom\u00f6opathin\/Tierhom\u00f6opathen schon einmal die \u00c4u\u00dferung &#8222;Das ist ja mal ein echt guter 153er&#8220; entlocken.<\/p>\n<p>&#8211; <strong>Potenz\/Dosierung:<\/strong><\/p>\n<p>&#8211; <strong>Repertorisation:&nbsp;<\/strong>Dieser Begriff leitet sich von einem weiteren Begriff ab, der in der Hom\u00f6opathie verwendet wird, dem &#8222;Repertorium&#8220;. Ein hom\u00f6opathisches Repertorium ist ein Nachschlagewerk aller Symptome\/Rubriken, die in Zusammenhang mit der Pr\u00fcfung eines&nbsp;hom\u00f6opathisches Arzneimittel an gesunden Menschen aufgetreten sind bzw. die durch die Behandlung mit einem bestimmten Arzneimittel behoben werden konnten. Nach der <strong>Anamnese&nbsp;<\/strong>sammelt der Hom\u00f6opath zun\u00e4chst alle auffallenden, das Wesen und das Krankheitsbild am eindr\u00fccklichsten beschreibenden Symptome und sucht dann die entsprechenden Rubriken im Repertorium. Am Ende dieser Suche steht die Auswertung aller Rubriken. Sie zeigt, welche Mittel dieses spezielle Symptomenbild am \u00e4hnlichsten wiedergeben. Diese Auswertung wird auch Repertorisation genannt. Sie kann von Hand mithilfe einer Tabelle erstellt werden, oder auch mit einem&nbsp;Computerprogramm.<\/p>\n","protected":false},"excerpt":{"rendered":"<p>Hom\u00f6opathen benutzen h\u00e4ufig ein sehr spezielles Vokabular, das sie sich durch die Lekt\u00fcre von Samuel Hahnemanns Schriften zueigen gemacht haben. Meist denken sie gar nicht mehr dar\u00fcber nach, dass Ihnen der eine oder andere Begriff vielleicht nicht vertraut ist. F\u00fcr &hellip; <a href=\"https:\/\/thp-helmich.net\/?page_id=139\">Weiterlesen <span class=\"meta-nav\">&rarr;<\/span><\/a><\/p>\n","protected":false},"author":1,"featured_media":0,"parent":0,"menu_order":0,"comment_status":"closed","ping_status":"closed","template":"","meta":{"footnotes":""},"class_list":["post-139","page","type-page","status-publish","hentry"],"yoast_head":"<!-- This site is optimized with the Yoast SEO plugin v27.5 - https:\/\/yoast.com\/product\/yoast-seo-wordpress\/ -->\n<title>ABC - Mobile Praxis f\u00fcr klassische Tierhom\u00f6opathie<\/title>\n<meta name=\"robots\" content=\"index, follow, max-snippet:-1, max-image-preview:large, max-video-preview:-1\" \/>\n<link rel=\"canonical\" href=\"https:\/\/thp-helmich.net\/?page_id=139\" \/>\n<meta property=\"og:locale\" content=\"de_DE\" \/>\n<meta property=\"og:type\" content=\"article\" \/>\n<meta property=\"og:title\" content=\"ABC - Mobile Praxis f\u00fcr klassische Tierhom\u00f6opathie\" \/>\n<meta property=\"og:description\" content=\"Hom\u00f6opathen benutzen h\u00e4ufig ein sehr spezielles Vokabular, das sie sich durch die Lekt\u00fcre von Samuel Hahnemanns Schriften zueigen gemacht haben. Meist denken sie gar nicht mehr dar\u00fcber nach, dass Ihnen der eine oder andere Begriff vielleicht nicht vertraut ist. F\u00fcr &hellip; Weiterlesen &rarr;\" \/>\n<meta property=\"og:url\" content=\"https:\/\/thp-helmich.net\/?page_id=139\" \/>\n<meta property=\"og:site_name\" content=\"Mobile Praxis f\u00fcr klassische Tierhom\u00f6opathie\" \/>\n<meta property=\"article:modified_time\" content=\"2019-12-17T16:10:34+00:00\" \/>\n<meta name=\"twitter:card\" content=\"summary_large_image\" \/>\n<meta name=\"twitter:label1\" content=\"Gesch\u00e4tzte Lesezeit\" \/>\n\t<meta name=\"twitter:data1\" content=\"5\u00a0Minuten\" \/>\n<script type=\"application\/ld+json\" class=\"yoast-schema-graph\">{\"@context\":\"https:\\\/\\\/schema.org\",\"@graph\":[{\"@type\":\"WebPage\",\"@id\":\"https:\\\/\\\/thp-helmich.net\\\/?page_id=139\",\"url\":\"https:\\\/\\\/thp-helmich.net\\\/?page_id=139\",\"name\":\"ABC - Mobile Praxis f\u00fcr klassische Tierhom\u00f6opathie\",\"isPartOf\":{\"@id\":\"https:\\\/\\\/thp-helmich.net\\\/#website\"},\"datePublished\":\"2014-04-25T12:14:56+00:00\",\"dateModified\":\"2019-12-17T16:10:34+00:00\",\"breadcrumb\":{\"@id\":\"https:\\\/\\\/thp-helmich.net\\\/?page_id=139#breadcrumb\"},\"inLanguage\":\"de\",\"potentialAction\":[{\"@type\":\"ReadAction\",\"target\":[\"https:\\\/\\\/thp-helmich.net\\\/?page_id=139\"]}]},{\"@type\":\"BreadcrumbList\",\"@id\":\"https:\\\/\\\/thp-helmich.net\\\/?page_id=139#breadcrumb\",\"itemListElement\":[{\"@type\":\"ListItem\",\"position\":1,\"name\":\"Startseite\",\"item\":\"https:\\\/\\\/thp-helmich.net\\\/\"},{\"@type\":\"ListItem\",\"position\":2,\"name\":\"ABC\"}]},{\"@type\":\"WebSite\",\"@id\":\"https:\\\/\\\/thp-helmich.net\\\/#website\",\"url\":\"https:\\\/\\\/thp-helmich.net\\\/\",\"name\":\"Mobile Praxis f\u00fcr klassische Tierhom\u00f6opathie\",\"description\":\"Max Helmich, M.A., THP (BkTD e.V.)\",\"potentialAction\":[{\"@type\":\"SearchAction\",\"target\":{\"@type\":\"EntryPoint\",\"urlTemplate\":\"https:\\\/\\\/thp-helmich.net\\\/?s={search_term_string}\"},\"query-input\":{\"@type\":\"PropertyValueSpecification\",\"valueRequired\":true,\"valueName\":\"search_term_string\"}}],\"inLanguage\":\"de\"}]}<\/script>\n<!-- \/ Yoast SEO plugin. -->","yoast_head_json":{"title":"ABC - Mobile Praxis f\u00fcr klassische Tierhom\u00f6opathie","robots":{"index":"index","follow":"follow","max-snippet":"max-snippet:-1","max-image-preview":"max-image-preview:large","max-video-preview":"max-video-preview:-1"},"canonical":"https:\/\/thp-helmich.net\/?page_id=139","og_locale":"de_DE","og_type":"article","og_title":"ABC - Mobile Praxis f\u00fcr klassische Tierhom\u00f6opathie","og_description":"Hom\u00f6opathen benutzen h\u00e4ufig ein sehr spezielles Vokabular, das sie sich durch die Lekt\u00fcre von Samuel Hahnemanns Schriften zueigen gemacht haben. Meist denken sie gar nicht mehr dar\u00fcber nach, dass Ihnen der eine oder andere Begriff vielleicht nicht vertraut ist. F\u00fcr &hellip; Weiterlesen &rarr;","og_url":"https:\/\/thp-helmich.net\/?page_id=139","og_site_name":"Mobile Praxis f\u00fcr klassische Tierhom\u00f6opathie","article_modified_time":"2019-12-17T16:10:34+00:00","twitter_card":"summary_large_image","twitter_misc":{"Gesch\u00e4tzte Lesezeit":"5\u00a0Minuten"},"schema":{"@context":"https:\/\/schema.org","@graph":[{"@type":"WebPage","@id":"https:\/\/thp-helmich.net\/?page_id=139","url":"https:\/\/thp-helmich.net\/?page_id=139","name":"ABC - Mobile Praxis f\u00fcr klassische Tierhom\u00f6opathie","isPartOf":{"@id":"https:\/\/thp-helmich.net\/#website"},"datePublished":"2014-04-25T12:14:56+00:00","dateModified":"2019-12-17T16:10:34+00:00","breadcrumb":{"@id":"https:\/\/thp-helmich.net\/?page_id=139#breadcrumb"},"inLanguage":"de","potentialAction":[{"@type":"ReadAction","target":["https:\/\/thp-helmich.net\/?page_id=139"]}]},{"@type":"BreadcrumbList","@id":"https:\/\/thp-helmich.net\/?page_id=139#breadcrumb","itemListElement":[{"@type":"ListItem","position":1,"name":"Startseite","item":"https:\/\/thp-helmich.net\/"},{"@type":"ListItem","position":2,"name":"ABC"}]},{"@type":"WebSite","@id":"https:\/\/thp-helmich.net\/#website","url":"https:\/\/thp-helmich.net\/","name":"Mobile Praxis f\u00fcr klassische Tierhom\u00f6opathie","description":"Max Helmich, M.A., THP (BkTD e.V.)","potentialAction":[{"@type":"SearchAction","target":{"@type":"EntryPoint","urlTemplate":"https:\/\/thp-helmich.net\/?s={search_term_string}"},"query-input":{"@type":"PropertyValueSpecification","valueRequired":true,"valueName":"search_term_string"}}],"inLanguage":"de"}]}},"_links":{"self":[{"href":"https:\/\/thp-helmich.net\/index.php?rest_route=\/wp\/v2\/pages\/139","targetHints":{"allow":["GET"]}}],"collection":[{"href":"https:\/\/thp-helmich.net\/index.php?rest_route=\/wp\/v2\/pages"}],"about":[{"href":"https:\/\/thp-helmich.net\/index.php?rest_route=\/wp\/v2\/types\/page"}],"author":[{"embeddable":true,"href":"https:\/\/thp-helmich.net\/index.php?rest_route=\/wp\/v2\/users\/1"}],"replies":[{"embeddable":true,"href":"https:\/\/thp-helmich.net\/index.php?rest_route=%2Fwp%2Fv2%2Fcomments&post=139"}],"version-history":[{"count":19,"href":"https:\/\/thp-helmich.net\/index.php?rest_route=\/wp\/v2\/pages\/139\/revisions"}],"predecessor-version":[{"id":305,"href":"https:\/\/thp-helmich.net\/index.php?rest_route=\/wp\/v2\/pages\/139\/revisions\/305"}],"wp:attachment":[{"href":"https:\/\/thp-helmich.net\/index.php?rest_route=%2Fwp%2Fv2%2Fmedia&parent=139"}],"curies":[{"name":"wp","href":"https:\/\/api.w.org\/{rel}","templated":true}]}}