{"id":19,"date":"2014-03-31T12:07:05","date_gmt":"2014-03-31T12:07:05","guid":{"rendered":"http:\/\/thp-helmich.net\/?page_id=19"},"modified":"2025-06-03T16:59:48","modified_gmt":"2025-06-03T16:59:48","slug":"meine-leistungen-und-gebuehren","status":"publish","type":"page","link":"https:\/\/thp-helmich.net\/?page_id=19","title":{"rendered":"Anamnese"},"content":{"rendered":"<p>Angst ist in der Behandlung von Tieren ein schlechter Begleiter. F\u00fcr viele Tiere, besonders Haustiere mit starker \u00f6rtlicher oder Revierbindung aber auch f\u00fcr Hunde ist der Besuch eines unbekannten \u201eReviers\u201c, an dem wom\u00f6glich noch andere Tiere sind oder waren, purer Stress. Das Ergebnis ist, dass sie sich anders verhalten, als sonst. Eine solche Stresssituation vermittelt zwar auch einen Eindruck vom Wesen Ihres Tieres in solchen Momenten, wesentlich aussagekr\u00e4ftiger aber ist sein Verhalten im gewohnten Umfeld, am besten umgeben von allen Menschen, die sonst auch da sind.<\/p>\n<p>Aus genau diesem Grund findet die Erstanamnese und m\u00f6glichst auch Folgeanamnesen bei Ihnen vor Ort statt. Daf\u00fcr vereinbaren wir vorher telefonisch oder per E-Mail einen Termin. Sch\u00f6n ist, wenn zu einem solchen Termin alle Menschen anwesend sein k\u00f6nnen, die f\u00fcr das Tier eine Rolle spielen, und das Umfeld ruhig, m\u00f6glichst unterbrechungsfrei und f\u00fcr ein l\u00e4ngeres Gespr\u00e4ch geeignet ist.\u00a0Meine Geb\u00fchren finden Sie unter dem Men\u00fcpunkt &#8222;Leistungen&#8220;.<\/p>\n<h3><strong>Die Erstanamnese<\/p>\n<p><\/strong>Eine Erstanamnese dauert in der Regel ca. 90 Minuten. Dass das Erstgespr\u00e4ch so lang dauert, liegt daran, dass ich versuche, mir durch direkten Kontakt zu Ihrem Tier, Ihren Bericht und durch Fragen meinerseits ein m\u00f6glichst rundes Bild davon zu machen, wer ihr Tier ist, was es ausmacht. Wenn Sie sich auf die Anamnese vorbereiten m\u00f6chten, k\u00f6nnen Sie dies tun, indem Sie und alle weiteren Bezugspersonen sich vorab \u00fcberlegen, welche Besonderheiten Ihnen neben den Beschwerden Ihres Tieres sonst noch einfallen. Eine chronologische Auflistung der Vorerkrankungen kann hierbei hilfreich sein.<\/h3>\n<h3><strong>Die Folgeanamnese<\/p>\n<p><\/strong>Nach der ersten Behandlung mit einem hom\u00f6opathischen Arzneimittel kann sich insbesondere bei Behandlungen chronischer Krankheiten ein sogenanntes Folgemittel anschlie\u00dfen. Da ich bei einer Folgeanamnese die Grunddaten und Erkrankungen Ihres Tieres kenne, ist dieser Termin in der Regel deutlich k\u00fcrzer.<\/h3>\n<h3><strong>Fahrtkosten<\/p>\n<p><\/strong>F\u00fcr Termine im Stadtgebiet Mainz\/Wiesbaden werden keine Fahrtkosten f\u00e4llig. Bei Terminen im\u00a0 Rhein-Main-Gebiet und an weiter entfernten Orten berechne ich Fahrtkosten, die Sie unter dem Men\u00fcpunkt &#8222;Leistungen&#8220;\u00a0einsehen k\u00f6nnen.<\/h3>\n","protected":false},"excerpt":{"rendered":"<p>Angst ist in der Behandlung von Tieren ein schlechter Begleiter. F\u00fcr viele Tiere, besonders Haustiere mit starker \u00f6rtlicher oder Revierbindung aber auch f\u00fcr Hunde ist der Besuch eines unbekannten \u201eReviers\u201c, an dem wom\u00f6glich noch andere Tiere sind oder waren, purer &hellip; <a href=\"https:\/\/thp-helmich.net\/?page_id=19\">Weiterlesen <span class=\"meta-nav\">&rarr;<\/span><\/a><\/p>\n","protected":false},"author":1,"featured_media":0,"parent":0,"menu_order":0,"comment_status":"closed","ping_status":"closed","template":"","meta":{"footnotes":""},"class_list":["post-19","page","type-page","status-publish","hentry"],"yoast_head":"<!-- This site is optimized with the Yoast SEO plugin v27.5 - https:\/\/yoast.com\/product\/yoast-seo-wordpress\/ -->\n<title>Anamnese - Mobile Praxis f\u00fcr klassische Tierhom\u00f6opathie<\/title>\n<meta name=\"robots\" content=\"index, follow, max-snippet:-1, max-image-preview:large, max-video-preview:-1\" \/>\n<link rel=\"canonical\" href=\"https:\/\/thp-helmich.net\/?page_id=19\" \/>\n<meta property=\"og:locale\" content=\"de_DE\" \/>\n<meta property=\"og:type\" content=\"article\" \/>\n<meta property=\"og:title\" content=\"Anamnese - Mobile Praxis f\u00fcr klassische Tierhom\u00f6opathie\" \/>\n<meta property=\"og:description\" content=\"Angst ist in der Behandlung von Tieren ein schlechter Begleiter. F\u00fcr viele Tiere, besonders Haustiere mit starker \u00f6rtlicher oder Revierbindung aber auch f\u00fcr Hunde ist der Besuch eines unbekannten \u201eReviers\u201c, an dem wom\u00f6glich noch andere Tiere sind oder waren, purer &hellip; Weiterlesen &rarr;\" \/>\n<meta property=\"og:url\" content=\"https:\/\/thp-helmich.net\/?page_id=19\" \/>\n<meta property=\"og:site_name\" content=\"Mobile Praxis f\u00fcr klassische Tierhom\u00f6opathie\" \/>\n<meta property=\"article:modified_time\" content=\"2025-06-03T16:59:48+00:00\" \/>\n<meta name=\"twitter:card\" content=\"summary_large_image\" \/>\n<meta name=\"twitter:label1\" content=\"Gesch\u00e4tzte Lesezeit\" \/>\n\t<meta name=\"twitter:data1\" content=\"2\u00a0Minuten\" \/>\n<script type=\"application\/ld+json\" class=\"yoast-schema-graph\">{\"@context\":\"https:\\\/\\\/schema.org\",\"@graph\":[{\"@type\":\"WebPage\",\"@id\":\"https:\\\/\\\/thp-helmich.net\\\/?page_id=19\",\"url\":\"https:\\\/\\\/thp-helmich.net\\\/?page_id=19\",\"name\":\"Anamnese - Mobile Praxis f\u00fcr klassische Tierhom\u00f6opathie\",\"isPartOf\":{\"@id\":\"https:\\\/\\\/thp-helmich.net\\\/#website\"},\"datePublished\":\"2014-03-31T12:07:05+00:00\",\"dateModified\":\"2025-06-03T16:59:48+00:00\",\"breadcrumb\":{\"@id\":\"https:\\\/\\\/thp-helmich.net\\\/?page_id=19#breadcrumb\"},\"inLanguage\":\"de\",\"potentialAction\":[{\"@type\":\"ReadAction\",\"target\":[\"https:\\\/\\\/thp-helmich.net\\\/?page_id=19\"]}]},{\"@type\":\"BreadcrumbList\",\"@id\":\"https:\\\/\\\/thp-helmich.net\\\/?page_id=19#breadcrumb\",\"itemListElement\":[{\"@type\":\"ListItem\",\"position\":1,\"name\":\"Startseite\",\"item\":\"https:\\\/\\\/thp-helmich.net\\\/\"},{\"@type\":\"ListItem\",\"position\":2,\"name\":\"Anamnese\"}]},{\"@type\":\"WebSite\",\"@id\":\"https:\\\/\\\/thp-helmich.net\\\/#website\",\"url\":\"https:\\\/\\\/thp-helmich.net\\\/\",\"name\":\"Mobile Praxis f\u00fcr klassische Tierhom\u00f6opathie\",\"description\":\"Max Helmich, M.A., THP (BkTD e.V.)\",\"potentialAction\":[{\"@type\":\"SearchAction\",\"target\":{\"@type\":\"EntryPoint\",\"urlTemplate\":\"https:\\\/\\\/thp-helmich.net\\\/?s={search_term_string}\"},\"query-input\":{\"@type\":\"PropertyValueSpecification\",\"valueRequired\":true,\"valueName\":\"search_term_string\"}}],\"inLanguage\":\"de\"}]}<\/script>\n<!-- \/ Yoast SEO plugin. -->","yoast_head_json":{"title":"Anamnese - Mobile Praxis f\u00fcr klassische Tierhom\u00f6opathie","robots":{"index":"index","follow":"follow","max-snippet":"max-snippet:-1","max-image-preview":"max-image-preview:large","max-video-preview":"max-video-preview:-1"},"canonical":"https:\/\/thp-helmich.net\/?page_id=19","og_locale":"de_DE","og_type":"article","og_title":"Anamnese - Mobile Praxis f\u00fcr klassische Tierhom\u00f6opathie","og_description":"Angst ist in der Behandlung von Tieren ein schlechter Begleiter. F\u00fcr viele Tiere, besonders Haustiere mit starker \u00f6rtlicher oder Revierbindung aber auch f\u00fcr Hunde ist der Besuch eines unbekannten \u201eReviers\u201c, an dem wom\u00f6glich noch andere Tiere sind oder waren, purer &hellip; Weiterlesen &rarr;","og_url":"https:\/\/thp-helmich.net\/?page_id=19","og_site_name":"Mobile Praxis f\u00fcr klassische Tierhom\u00f6opathie","article_modified_time":"2025-06-03T16:59:48+00:00","twitter_card":"summary_large_image","twitter_misc":{"Gesch\u00e4tzte Lesezeit":"2\u00a0Minuten"},"schema":{"@context":"https:\/\/schema.org","@graph":[{"@type":"WebPage","@id":"https:\/\/thp-helmich.net\/?page_id=19","url":"https:\/\/thp-helmich.net\/?page_id=19","name":"Anamnese - Mobile Praxis f\u00fcr klassische Tierhom\u00f6opathie","isPartOf":{"@id":"https:\/\/thp-helmich.net\/#website"},"datePublished":"2014-03-31T12:07:05+00:00","dateModified":"2025-06-03T16:59:48+00:00","breadcrumb":{"@id":"https:\/\/thp-helmich.net\/?page_id=19#breadcrumb"},"inLanguage":"de","potentialAction":[{"@type":"ReadAction","target":["https:\/\/thp-helmich.net\/?page_id=19"]}]},{"@type":"BreadcrumbList","@id":"https:\/\/thp-helmich.net\/?page_id=19#breadcrumb","itemListElement":[{"@type":"ListItem","position":1,"name":"Startseite","item":"https:\/\/thp-helmich.net\/"},{"@type":"ListItem","position":2,"name":"Anamnese"}]},{"@type":"WebSite","@id":"https:\/\/thp-helmich.net\/#website","url":"https:\/\/thp-helmich.net\/","name":"Mobile Praxis f\u00fcr klassische Tierhom\u00f6opathie","description":"Max Helmich, M.A., THP (BkTD e.V.)","potentialAction":[{"@type":"SearchAction","target":{"@type":"EntryPoint","urlTemplate":"https:\/\/thp-helmich.net\/?s={search_term_string}"},"query-input":{"@type":"PropertyValueSpecification","valueRequired":true,"valueName":"search_term_string"}}],"inLanguage":"de"}]}},"_links":{"self":[{"href":"https:\/\/thp-helmich.net\/index.php?rest_route=\/wp\/v2\/pages\/19","targetHints":{"allow":["GET"]}}],"collection":[{"href":"https:\/\/thp-helmich.net\/index.php?rest_route=\/wp\/v2\/pages"}],"about":[{"href":"https:\/\/thp-helmich.net\/index.php?rest_route=\/wp\/v2\/types\/page"}],"author":[{"embeddable":true,"href":"https:\/\/thp-helmich.net\/index.php?rest_route=\/wp\/v2\/users\/1"}],"replies":[{"embeddable":true,"href":"https:\/\/thp-helmich.net\/index.php?rest_route=%2Fwp%2Fv2%2Fcomments&post=19"}],"version-history":[{"count":18,"href":"https:\/\/thp-helmich.net\/index.php?rest_route=\/wp\/v2\/pages\/19\/revisions"}],"predecessor-version":[{"id":431,"href":"https:\/\/thp-helmich.net\/index.php?rest_route=\/wp\/v2\/pages\/19\/revisions\/431"}],"wp:attachment":[{"href":"https:\/\/thp-helmich.net\/index.php?rest_route=%2Fwp%2Fv2%2Fmedia&parent=19"}],"curies":[{"name":"wp","href":"https:\/\/api.w.org\/{rel}","templated":true}]}}