{"id":2,"date":"2014-03-28T13:14:02","date_gmt":"2014-03-28T13:14:02","guid":{"rendered":"http:\/\/thp-helmich.net\/?page_id=2"},"modified":"2022-11-25T07:49:15","modified_gmt":"2022-11-25T07:49:15","slug":"sample-page","status":"publish","type":"page","link":"https:\/\/thp-helmich.net\/","title":{"rendered":"THP Praxis Tierheilpraktiker f\u00fcr klassische Tierhom\u00f6opathie"},"content":{"rendered":"<p>Willkommen bei Ihrer Adresse\u00a0f\u00fcr klassische Tierhom\u00f6opathie in Mainz, Wiesbaden und dem\u00a0gesamten Rhein-Main-Gebiet!<\/p>\n<p>Sch\u00f6n, dass Sie zu mir gefunden haben. Auf dieser Seite finden Sie alle Informationen rund um mein Leistungsspektrum sowie Lesens- und Wissenswertes zur klassischen Hom\u00f6opathie f\u00fcr Tiere.\u00a0Viel Spa\u00df beim Lesen.<\/p>\n<p>Sie m\u00f6chten mich kontaktieren? Meine Informationen\u00a0finden Sie <a href=\"http:\/\/thp-helmich.net\/?page_id=224\">hier.<\/a><br \/>\nAktuelle \u00d6ffnungszeiten finden Sie <a href=\"http:\/\/thp-helmich.net\/?page_id=29\">hier<\/a>.<br \/>\nUnd <a href=\"https:\/\/www.bundesverfassungsgericht.de\/SharedDocs\/Pressemitteilungen\/DE\/2022\/bvg22-092.html\">hier<\/a> der Link zur Entscheidung des Bundesverfassungsgerichts zu Gunsten unserer Berufsfreiheit!<\/p>\n<p>Ich freue mich, von Ihnen und Ihrem Tier zu h\u00f6ren!<\/p>\n<p>Max Helmich<\/p>\n","protected":false},"excerpt":{"rendered":"<p>Willkommen bei Ihrer Adresse\u00a0f\u00fcr klassische Tierhom\u00f6opathie in Mainz, Wiesbaden und dem\u00a0gesamten Rhein-Main-Gebiet! Sch\u00f6n, dass Sie zu mir gefunden haben. Auf dieser Seite finden Sie alle Informationen rund um mein Leistungsspektrum sowie Lesens- und Wissenswertes zur klassischen Hom\u00f6opathie f\u00fcr Tiere.\u00a0Viel Spa\u00df &hellip; <a href=\"https:\/\/thp-helmich.net\/\">Weiterlesen <span class=\"meta-nav\">&rarr;<\/span><\/a><\/p>\n","protected":false},"author":1,"featured_media":0,"parent":0,"menu_order":0,"comment_status":"open","ping_status":"open","template":"onecolumn-page.php","meta":{"footnotes":""},"class_list":["post-2","page","type-page","status-publish","hentry"],"yoast_head":"<!-- This site is optimized with the Yoast SEO plugin v27.5 - https:\/\/yoast.com\/product\/yoast-seo-wordpress\/ -->\n<title>THP Praxis Tierheilpraktiker f\u00fcr klassische Tierhom\u00f6opathie - Mobile Praxis f\u00fcr klassische Tierhom\u00f6opathie<\/title>\n<meta name=\"description\" content=\"Tierheilpraktiker f\u00fcr klassische Hom\u00f6opathie, THP, mit Fahrpraxis f\u00fcr das gesamte Rhein-Main-Gebiet. Terminvereinbarung jederzeit.\" \/>\n<meta name=\"robots\" content=\"index, follow, max-snippet:-1, max-image-preview:large, max-video-preview:-1\" \/>\n<link rel=\"canonical\" href=\"https:\/\/thp-helmich.net\/\" \/>\n<meta property=\"og:locale\" content=\"de_DE\" \/>\n<meta property=\"og:type\" content=\"article\" \/>\n<meta property=\"og:title\" content=\"THP Praxis Tierheilpraktiker f\u00fcr klassische Tierhom\u00f6opathie - Mobile Praxis f\u00fcr klassische Tierhom\u00f6opathie\" \/>\n<meta property=\"og:description\" content=\"Tierheilpraktiker f\u00fcr klassische Hom\u00f6opathie, THP, mit Fahrpraxis f\u00fcr das gesamte Rhein-Main-Gebiet. Terminvereinbarung jederzeit.\" \/>\n<meta property=\"og:url\" content=\"https:\/\/thp-helmich.net\/\" \/>\n<meta property=\"og:site_name\" content=\"Mobile Praxis f\u00fcr klassische Tierhom\u00f6opathie\" \/>\n<meta property=\"article:modified_time\" content=\"2022-11-25T07:49:15+00:00\" \/>\n<meta name=\"twitter:card\" content=\"summary_large_image\" \/>\n<meta name=\"twitter:label1\" content=\"Gesch\u00e4tzte Lesezeit\" \/>\n\t<meta name=\"twitter:data1\" content=\"1\u00a0Minute\" \/>\n<script type=\"application\/ld+json\" class=\"yoast-schema-graph\">{\"@context\":\"https:\\\/\\\/schema.org\",\"@graph\":[{\"@type\":\"WebPage\",\"@id\":\"https:\\\/\\\/thp-helmich.net\\\/\",\"url\":\"https:\\\/\\\/thp-helmich.net\\\/\",\"name\":\"THP Praxis Tierheilpraktiker f\u00fcr klassische Tierhom\u00f6opathie - Mobile Praxis f\u00fcr klassische Tierhom\u00f6opathie\",\"isPartOf\":{\"@id\":\"https:\\\/\\\/thp-helmich.net\\\/#website\"},\"datePublished\":\"2014-03-28T13:14:02+00:00\",\"dateModified\":\"2022-11-25T07:49:15+00:00\",\"description\":\"Tierheilpraktiker f\u00fcr klassische Hom\u00f6opathie, THP, mit Fahrpraxis f\u00fcr das gesamte Rhein-Main-Gebiet. Terminvereinbarung jederzeit.\",\"breadcrumb\":{\"@id\":\"https:\\\/\\\/thp-helmich.net\\\/#breadcrumb\"},\"inLanguage\":\"de\",\"potentialAction\":[{\"@type\":\"ReadAction\",\"target\":[\"https:\\\/\\\/thp-helmich.net\\\/\"]}]},{\"@type\":\"BreadcrumbList\",\"@id\":\"https:\\\/\\\/thp-helmich.net\\\/#breadcrumb\",\"itemListElement\":[{\"@type\":\"ListItem\",\"position\":1,\"name\":\"Startseite\",\"item\":\"https:\\\/\\\/thp-helmich.net\\\/\"},{\"@type\":\"ListItem\",\"position\":2,\"name\":\"THP Praxis Tierheilpraktiker f\u00fcr klassische Tierhom\u00f6opathie\"}]},{\"@type\":\"WebSite\",\"@id\":\"https:\\\/\\\/thp-helmich.net\\\/#website\",\"url\":\"https:\\\/\\\/thp-helmich.net\\\/\",\"name\":\"Mobile Praxis f\u00fcr klassische Tierhom\u00f6opathie\",\"description\":\"Max Helmich, M.A., THP (BkTD e.V.)\",\"potentialAction\":[{\"@type\":\"SearchAction\",\"target\":{\"@type\":\"EntryPoint\",\"urlTemplate\":\"https:\\\/\\\/thp-helmich.net\\\/?s={search_term_string}\"},\"query-input\":{\"@type\":\"PropertyValueSpecification\",\"valueRequired\":true,\"valueName\":\"search_term_string\"}}],\"inLanguage\":\"de\"}]}<\/script>\n<!-- \/ Yoast SEO plugin. -->","yoast_head_json":{"title":"THP Praxis Tierheilpraktiker f\u00fcr klassische Tierhom\u00f6opathie - Mobile Praxis f\u00fcr klassische Tierhom\u00f6opathie","description":"Tierheilpraktiker f\u00fcr klassische Hom\u00f6opathie, THP, mit Fahrpraxis f\u00fcr das gesamte Rhein-Main-Gebiet. Terminvereinbarung jederzeit.","robots":{"index":"index","follow":"follow","max-snippet":"max-snippet:-1","max-image-preview":"max-image-preview:large","max-video-preview":"max-video-preview:-1"},"canonical":"https:\/\/thp-helmich.net\/","og_locale":"de_DE","og_type":"article","og_title":"THP Praxis Tierheilpraktiker f\u00fcr klassische Tierhom\u00f6opathie - Mobile Praxis f\u00fcr klassische Tierhom\u00f6opathie","og_description":"Tierheilpraktiker f\u00fcr klassische Hom\u00f6opathie, THP, mit Fahrpraxis f\u00fcr das gesamte Rhein-Main-Gebiet. Terminvereinbarung jederzeit.","og_url":"https:\/\/thp-helmich.net\/","og_site_name":"Mobile Praxis f\u00fcr klassische Tierhom\u00f6opathie","article_modified_time":"2022-11-25T07:49:15+00:00","twitter_card":"summary_large_image","twitter_misc":{"Gesch\u00e4tzte Lesezeit":"1\u00a0Minute"},"schema":{"@context":"https:\/\/schema.org","@graph":[{"@type":"WebPage","@id":"https:\/\/thp-helmich.net\/","url":"https:\/\/thp-helmich.net\/","name":"THP Praxis Tierheilpraktiker f\u00fcr klassische Tierhom\u00f6opathie - Mobile Praxis f\u00fcr klassische Tierhom\u00f6opathie","isPartOf":{"@id":"https:\/\/thp-helmich.net\/#website"},"datePublished":"2014-03-28T13:14:02+00:00","dateModified":"2022-11-25T07:49:15+00:00","description":"Tierheilpraktiker f\u00fcr klassische Hom\u00f6opathie, THP, mit Fahrpraxis f\u00fcr das gesamte Rhein-Main-Gebiet. Terminvereinbarung jederzeit.","breadcrumb":{"@id":"https:\/\/thp-helmich.net\/#breadcrumb"},"inLanguage":"de","potentialAction":[{"@type":"ReadAction","target":["https:\/\/thp-helmich.net\/"]}]},{"@type":"BreadcrumbList","@id":"https:\/\/thp-helmich.net\/#breadcrumb","itemListElement":[{"@type":"ListItem","position":1,"name":"Startseite","item":"https:\/\/thp-helmich.net\/"},{"@type":"ListItem","position":2,"name":"THP Praxis Tierheilpraktiker f\u00fcr klassische Tierhom\u00f6opathie"}]},{"@type":"WebSite","@id":"https:\/\/thp-helmich.net\/#website","url":"https:\/\/thp-helmich.net\/","name":"Mobile Praxis f\u00fcr klassische Tierhom\u00f6opathie","description":"Max Helmich, M.A., THP (BkTD e.V.)","potentialAction":[{"@type":"SearchAction","target":{"@type":"EntryPoint","urlTemplate":"https:\/\/thp-helmich.net\/?s={search_term_string}"},"query-input":{"@type":"PropertyValueSpecification","valueRequired":true,"valueName":"search_term_string"}}],"inLanguage":"de"}]}},"_links":{"self":[{"href":"https:\/\/thp-helmich.net\/index.php?rest_route=\/wp\/v2\/pages\/2","targetHints":{"allow":["GET"]}}],"collection":[{"href":"https:\/\/thp-helmich.net\/index.php?rest_route=\/wp\/v2\/pages"}],"about":[{"href":"https:\/\/thp-helmich.net\/index.php?rest_route=\/wp\/v2\/types\/page"}],"author":[{"embeddable":true,"href":"https:\/\/thp-helmich.net\/index.php?rest_route=\/wp\/v2\/users\/1"}],"replies":[{"embeddable":true,"href":"https:\/\/thp-helmich.net\/index.php?rest_route=%2Fwp%2Fv2%2Fcomments&post=2"}],"version-history":[{"count":29,"href":"https:\/\/thp-helmich.net\/index.php?rest_route=\/wp\/v2\/pages\/2\/revisions"}],"predecessor-version":[{"id":408,"href":"https:\/\/thp-helmich.net\/index.php?rest_route=\/wp\/v2\/pages\/2\/revisions\/408"}],"wp:attachment":[{"href":"https:\/\/thp-helmich.net\/index.php?rest_route=%2Fwp%2Fv2%2Fmedia&parent=2"}],"curies":[{"name":"wp","href":"https:\/\/api.w.org\/{rel}","templated":true}]}}