{"id":243,"date":"2018-05-24T04:52:54","date_gmt":"2018-05-24T04:52:54","guid":{"rendered":"http:\/\/thp-helmich.net\/?page_id=243"},"modified":"2019-12-17T16:15:37","modified_gmt":"2019-12-17T16:15:37","slug":"datenschutzerklaerung","status":"publish","type":"page","link":"https:\/\/thp-helmich.net\/?page_id=243","title":{"rendered":"Datenschutz"},"content":{"rendered":"<p><strong>Datenschutzerkl\u00e4rung <\/strong><\/p>\n<p><strong>&nbsp;<\/strong><\/p>\n<p><strong>Auskunftsrecht, Recht auf Berichtigung, Sperrung, L\u00f6schung, Widerspruch<\/strong><\/p>\n<p>Auf schriftliche Anfrage informieren wir Sie \u00fcber die zu Ihrer Person durch uns gespeicherten Daten. Sie haben auch ein Recht auf Berichtigung, Sperrung, Widerspruch oder L\u00f6schung dieser Daten. Die Anfrage ist an unsere im Impressum der Webseite angegebene Adresse zu richten.<\/p>\n<p>&nbsp;<\/p>\n<p><strong>Widerrufsrecht<\/strong><\/p>\n<p>Sofern Ihre personenbezogenen Daten auf Grundlage von berechtigten Interessen erarbeitet werden, haben Sie das Recht, gem\u00e4\u00df Art. 21 DSGVO Widerspruch gegen die Verarbeitung Ihrer personenbezogenen Daten einzulegen, soweit daf\u00fcr Gr\u00fcnde vorliegen, die sich aus Ihrer besonderen Situation ergeben oder sich der Widerspruch gegen Direktwerbung richtet. Im letzteren Fall haben Sie ein generelles Widerspruchsrecht, das ohne Angabe einer besonderen Situation von mir umgesetzt wird. M\u00f6chten Sie von Ihrem Widerrufs- oder Widerspruchsrecht Gebrauch machen, gen\u00fcgt eine E-Mail an unsere im Impressum der Webseite angegebene Adresse.<\/p>\n<p>&nbsp;<\/p>\n<p><strong>Cookies<\/strong><\/p>\n<p>Ein Cookie ist eine Textdatei, die beim Besuch einer Internetseite erstellt und auf dem System des Nutzers der Website zwischengespeichert wird. Meine Seite nutzt keine Tracking Cookies, welche pers\u00f6nliche Daten speichert oder in sonstiger Form verarbeitet. Sofern notwendig, werden lediglich so genannte Session Cookies genutzt, welche nach Verlassen meiner Seite automatisch&nbsp; wieder gel\u00f6scht werden und einzig der Verbesserung der Usererfahrung dienen.<\/p>\n<p>Wenn Sie die Nutzung von Cookies unterbinden wollen, k\u00f6nnen Sie dies durch lokale Einstellungen in Ihrem Internetbrowser, (z.B. Internet Explorer, Mozilla Firefox, Opera oder Safari) tun. Dies k\u00f6nnte jedoch bestimmte Funktionalit\u00e4ten der Webseite unterbinden.<\/p>\n<p>&nbsp;<\/p>\n<p><strong>Allgemeine Erhebung von Daten<\/strong><\/p>\n<p>Wenn Sie auf unsere Webseite zugreifen oder eine Datei abrufen, k\u00f6nnen Daten \u00fcber diesen Vorgang in einer Protokolldatei gespeichert werden. Im Einzelnen k\u00f6nnen folgende Daten gespeichert werden:<\/p>\n<ul>\n<li>IP-Adresse (anonymisiert)<\/li>\n<li>Domain-Name der Webseite, von der Sie kamen<\/li>\n<li>Namen der abgerufenen Dateien<\/li>\n<li>Datum und Uhrzeit eines Abrufs<\/li>\n<li>Name Ihres Internet Service Providers<\/li>\n<li>sowie ggf. Betriebssystem und Browserversion Ihres Endger\u00e4ts<\/li>\n<\/ul>\n<p>IP-Adressen speichern wir nur aus Datensicherheitsgr\u00fcnden, um die Stabilit\u00e4t und die Sicherheit unseres Systems zu gew\u00e4hrleisten (Rechtsgrundlage: Art. 6 Abs. 1 lit. f DSGVO). Eine statistische Auswertung anonymisierter Datens\u00e4tze f\u00fchre ich nicht durch.<\/p>\n<p>&nbsp;<\/p>\n<p><strong>Kontakt via E-Mail<\/strong><\/p>\n<p>Wenn Sie mir per E-Mail Anfragen zukommen lassen, werden Ihre Angaben inklusive der von Ihnen dort angegebenen Kontaktdaten zwecks Bearbeitung der Anfrage und f\u00fcr den Fall von Anschlussfragen bei mir gespeichert und verarbeitet. Ihre Daten werden ausschlie\u00dflich zweckgebunden zur Beantwortung und Bearbeitung Ihrer Frage genutzt. Die Datenverarbeitung erfolgt hier nach Art. 6 Abs. S. 1 lit. a DSGVO auf Grundlage Ihrer freiwillig erteilten Einwilligung. Sie k\u00f6nnen dem jederzeit widersprechen (Widerrufsrecht). Nach Bearbeitung Ihrer Anfrage werden Ihre Daten unwiederbringlich gel\u00f6scht, sofern keine gesetzliche Aufbewahrungspflicht entgegensteht.<\/p>\n<p>&nbsp;<\/p>\n<p><strong>Verweise auf Webseiten Dritter<\/strong><\/p>\n<p>Auf dieser Webseite k\u00f6nnen Verweise auf Webseiten Dritter in Form sogenannter Links bzw. Verlinkungen angeboten werden. Erst wenn Sie auf einen solchen Link klicken, werden Daten zum Linkziel \u00fcbertragen. Dies ist technisch notwendig. Die \u00fcbertragenen Daten sind insbesondere: Ihre IP-Adresse, der Zeitpunkt zu dem Sie den Link angeklickt haben, die Seite auf der Sie den Link angeklickt haben, Angaben zu Ihrem Internet-Browser. Wenn Sie nicht m\u00f6chten, dass diese Daten zum Linkziel \u00fcbertragen werden, klicken Sie den Link nicht an. Wenn Sie einem Link zu einer dieser Websites folgen, weisen wir Sie darauf hin, dass diese Websites ihre eigenen Datenschutzrichtlinien haben und dass wir f\u00fcr diese Richtlinien keine Verantwortung oder Haftung \u00fcbernehmen. Bitte \u00fcberpr\u00fcfen Sie diese Datenschutzrichtlinien, bevor Sie personenbezogenen Daten an diese Websites weitergeben.<\/p>\n<p>&nbsp;<\/p>\n<p><strong>Recht auf Daten\u00fcbertragbarkeit<\/strong><\/p>\n<p>Sie haben das Recht die Sie betreffenden personenbezogenen Daten, die Sie uns bereitgestellt haben, in einem strukturierten, g\u00e4ngigen und maschinenlesbaren Format zu erhalten.<\/p>\n<p>&nbsp;<\/p>\n<p><strong>Recht auf Beschwerde bei einer Aufsichtsbeh\u00f6rde<\/strong><\/p>\n<p>Jede betroffene Person hat unbeschadet eines anderweitigen verwaltungsrechtlichen oder gerichtlichen Rechtsbehelfs das Recht auf Beschwerde bei einer Aufsichtsbeh\u00f6rde, insbesondere in dem Mitgliedstaat ihres Aufenthaltsorts, ihres Arbeitsplatzes oder des Orts des mutma\u00dflichen Versto\u00dfes, wenn die betroffene Person der Ansicht ist, dass die Verarbeitung der sie betreffenden personenbezogenen Daten gegen die Datenschutzgrundverordnung der EU (DS-GVO) verst\u00f6\u00dft.<\/p>\n<p>&nbsp;<\/p>\n<p><strong>Sicherheitshinweis<\/strong><\/p>\n<p>Wir sichern unsere Webseite und sonstige IT-Systeme durch geeignete technische und organisatorische Ma\u00dfnahmen gegen Verlust, Zerst\u00f6rung, unberechtigten Zugriff, unberechtigte Ver\u00e4nderung oder unberechtigte Verbreitung Ihrer Daten ab. Ein vollst\u00e4ndiger Schutz gegen alle Gefahren ist praktisch trotz aller Sorgfalt jedoch nicht in jedem Fall m\u00f6glich. Weil bei der Kommunikation per E-Mail die vollst\u00e4ndige Datensicherheit von uns nicht gew\u00e4hrleistet werden kann, empfehlen wir zur \u00dcbermittlung von vertraulichen Informationen den Postweg.<\/p>\n<p>&nbsp;<\/p>\n<p><strong>\u00c4nderungen dieser Datenschutzerkl\u00e4rung<\/strong><\/p>\n<p>Wir behalten uns vor, diese Datenschutzerkl\u00e4rung zu \u00e4ndern, wenn sich die Rechtslage oder dieses Online-Angebot oder die Art der Datenerfassung \u00e4ndert. Dies gilt jedoch nur bez\u00fcglich Erkl\u00e4rungen zur Datenverarbeitung. Sofern eine Einwilligung des Nutzers notwendig ist oder Bestandteile der Datenschutzerkl\u00e4rung eine Regelung des Vertragsverh\u00e4ltnisses mit Nutzern enthalten, erfolgt die \u00c4nderung der Datenschutzerkl\u00e4rung nur nach Zustimmung des Nutzers.<\/p>\n<p>&nbsp;<\/p>\n<p>Bitte informieren Sie sich daher bei Bedarf \u00fcber diese Datenschutzerkl\u00e4rung, insbesondere, wenn Sie personenbezogene Daten mitteilen.<\/p>\n","protected":false},"excerpt":{"rendered":"<p>Datenschutzerkl\u00e4rung &nbsp; Auskunftsrecht, Recht auf Berichtigung, Sperrung, L\u00f6schung, Widerspruch Auf schriftliche Anfrage informieren wir Sie \u00fcber die zu Ihrer Person durch uns gespeicherten Daten. Sie haben auch ein Recht auf Berichtigung, Sperrung, Widerspruch oder L\u00f6schung dieser Daten. Die Anfrage ist &hellip; <a href=\"https:\/\/thp-helmich.net\/?page_id=243\">Weiterlesen <span class=\"meta-nav\">&rarr;<\/span><\/a><\/p>\n","protected":false},"author":1,"featured_media":0,"parent":0,"menu_order":0,"comment_status":"closed","ping_status":"closed","template":"","meta":{"footnotes":""},"class_list":["post-243","page","type-page","status-publish","hentry"],"yoast_head":"<!-- This site is optimized with the Yoast SEO plugin v27.5 - https:\/\/yoast.com\/product\/yoast-seo-wordpress\/ -->\n<title>Datenschutz - Mobile Praxis f\u00fcr klassische Tierhom\u00f6opathie<\/title>\n<meta name=\"robots\" content=\"index, follow, max-snippet:-1, max-image-preview:large, max-video-preview:-1\" \/>\n<link rel=\"canonical\" href=\"https:\/\/thp-helmich.net\/?page_id=243\" \/>\n<meta property=\"og:locale\" content=\"de_DE\" \/>\n<meta property=\"og:type\" content=\"article\" \/>\n<meta property=\"og:title\" content=\"Datenschutz - Mobile Praxis f\u00fcr klassische Tierhom\u00f6opathie\" \/>\n<meta property=\"og:description\" content=\"Datenschutzerkl\u00e4rung &nbsp; Auskunftsrecht, Recht auf Berichtigung, Sperrung, L\u00f6schung, Widerspruch Auf schriftliche Anfrage informieren wir Sie \u00fcber die zu Ihrer Person durch uns gespeicherten Daten. Sie haben auch ein Recht auf Berichtigung, Sperrung, Widerspruch oder L\u00f6schung dieser Daten. Die Anfrage ist &hellip; Weiterlesen &rarr;\" \/>\n<meta property=\"og:url\" content=\"https:\/\/thp-helmich.net\/?page_id=243\" \/>\n<meta property=\"og:site_name\" content=\"Mobile Praxis f\u00fcr klassische Tierhom\u00f6opathie\" \/>\n<meta property=\"article:modified_time\" content=\"2019-12-17T16:15:37+00:00\" \/>\n<meta name=\"twitter:card\" content=\"summary_large_image\" \/>\n<meta name=\"twitter:label1\" content=\"Gesch\u00e4tzte Lesezeit\" \/>\n\t<meta name=\"twitter:data1\" content=\"4\u00a0Minuten\" \/>\n<script type=\"application\/ld+json\" class=\"yoast-schema-graph\">{\"@context\":\"https:\\\/\\\/schema.org\",\"@graph\":[{\"@type\":\"WebPage\",\"@id\":\"https:\\\/\\\/thp-helmich.net\\\/?page_id=243\",\"url\":\"https:\\\/\\\/thp-helmich.net\\\/?page_id=243\",\"name\":\"Datenschutz - Mobile Praxis f\u00fcr klassische Tierhom\u00f6opathie\",\"isPartOf\":{\"@id\":\"https:\\\/\\\/thp-helmich.net\\\/#website\"},\"datePublished\":\"2018-05-24T04:52:54+00:00\",\"dateModified\":\"2019-12-17T16:15:37+00:00\",\"breadcrumb\":{\"@id\":\"https:\\\/\\\/thp-helmich.net\\\/?page_id=243#breadcrumb\"},\"inLanguage\":\"de\",\"potentialAction\":[{\"@type\":\"ReadAction\",\"target\":[\"https:\\\/\\\/thp-helmich.net\\\/?page_id=243\"]}]},{\"@type\":\"BreadcrumbList\",\"@id\":\"https:\\\/\\\/thp-helmich.net\\\/?page_id=243#breadcrumb\",\"itemListElement\":[{\"@type\":\"ListItem\",\"position\":1,\"name\":\"Startseite\",\"item\":\"https:\\\/\\\/thp-helmich.net\\\/\"},{\"@type\":\"ListItem\",\"position\":2,\"name\":\"Datenschutz\"}]},{\"@type\":\"WebSite\",\"@id\":\"https:\\\/\\\/thp-helmich.net\\\/#website\",\"url\":\"https:\\\/\\\/thp-helmich.net\\\/\",\"name\":\"Mobile Praxis f\u00fcr klassische Tierhom\u00f6opathie\",\"description\":\"Max Helmich, M.A., THP (BkTD e.V.)\",\"potentialAction\":[{\"@type\":\"SearchAction\",\"target\":{\"@type\":\"EntryPoint\",\"urlTemplate\":\"https:\\\/\\\/thp-helmich.net\\\/?s={search_term_string}\"},\"query-input\":{\"@type\":\"PropertyValueSpecification\",\"valueRequired\":true,\"valueName\":\"search_term_string\"}}],\"inLanguage\":\"de\"}]}<\/script>\n<!-- \/ Yoast SEO plugin. -->","yoast_head_json":{"title":"Datenschutz - Mobile Praxis f\u00fcr klassische Tierhom\u00f6opathie","robots":{"index":"index","follow":"follow","max-snippet":"max-snippet:-1","max-image-preview":"max-image-preview:large","max-video-preview":"max-video-preview:-1"},"canonical":"https:\/\/thp-helmich.net\/?page_id=243","og_locale":"de_DE","og_type":"article","og_title":"Datenschutz - Mobile Praxis f\u00fcr klassische Tierhom\u00f6opathie","og_description":"Datenschutzerkl\u00e4rung &nbsp; Auskunftsrecht, Recht auf Berichtigung, Sperrung, L\u00f6schung, Widerspruch Auf schriftliche Anfrage informieren wir Sie \u00fcber die zu Ihrer Person durch uns gespeicherten Daten. Sie haben auch ein Recht auf Berichtigung, Sperrung, Widerspruch oder L\u00f6schung dieser Daten. Die Anfrage ist &hellip; Weiterlesen &rarr;","og_url":"https:\/\/thp-helmich.net\/?page_id=243","og_site_name":"Mobile Praxis f\u00fcr klassische Tierhom\u00f6opathie","article_modified_time":"2019-12-17T16:15:37+00:00","twitter_card":"summary_large_image","twitter_misc":{"Gesch\u00e4tzte Lesezeit":"4\u00a0Minuten"},"schema":{"@context":"https:\/\/schema.org","@graph":[{"@type":"WebPage","@id":"https:\/\/thp-helmich.net\/?page_id=243","url":"https:\/\/thp-helmich.net\/?page_id=243","name":"Datenschutz - Mobile Praxis f\u00fcr klassische Tierhom\u00f6opathie","isPartOf":{"@id":"https:\/\/thp-helmich.net\/#website"},"datePublished":"2018-05-24T04:52:54+00:00","dateModified":"2019-12-17T16:15:37+00:00","breadcrumb":{"@id":"https:\/\/thp-helmich.net\/?page_id=243#breadcrumb"},"inLanguage":"de","potentialAction":[{"@type":"ReadAction","target":["https:\/\/thp-helmich.net\/?page_id=243"]}]},{"@type":"BreadcrumbList","@id":"https:\/\/thp-helmich.net\/?page_id=243#breadcrumb","itemListElement":[{"@type":"ListItem","position":1,"name":"Startseite","item":"https:\/\/thp-helmich.net\/"},{"@type":"ListItem","position":2,"name":"Datenschutz"}]},{"@type":"WebSite","@id":"https:\/\/thp-helmich.net\/#website","url":"https:\/\/thp-helmich.net\/","name":"Mobile Praxis f\u00fcr klassische Tierhom\u00f6opathie","description":"Max Helmich, M.A., THP (BkTD e.V.)","potentialAction":[{"@type":"SearchAction","target":{"@type":"EntryPoint","urlTemplate":"https:\/\/thp-helmich.net\/?s={search_term_string}"},"query-input":{"@type":"PropertyValueSpecification","valueRequired":true,"valueName":"search_term_string"}}],"inLanguage":"de"}]}},"_links":{"self":[{"href":"https:\/\/thp-helmich.net\/index.php?rest_route=\/wp\/v2\/pages\/243","targetHints":{"allow":["GET"]}}],"collection":[{"href":"https:\/\/thp-helmich.net\/index.php?rest_route=\/wp\/v2\/pages"}],"about":[{"href":"https:\/\/thp-helmich.net\/index.php?rest_route=\/wp\/v2\/types\/page"}],"author":[{"embeddable":true,"href":"https:\/\/thp-helmich.net\/index.php?rest_route=\/wp\/v2\/users\/1"}],"replies":[{"embeddable":true,"href":"https:\/\/thp-helmich.net\/index.php?rest_route=%2Fwp%2Fv2%2Fcomments&post=243"}],"version-history":[{"count":2,"href":"https:\/\/thp-helmich.net\/index.php?rest_route=\/wp\/v2\/pages\/243\/revisions"}],"predecessor-version":[{"id":308,"href":"https:\/\/thp-helmich.net\/index.php?rest_route=\/wp\/v2\/pages\/243\/revisions\/308"}],"wp:attachment":[{"href":"https:\/\/thp-helmich.net\/index.php?rest_route=%2Fwp%2Fv2%2Fmedia&parent=243"}],"curies":[{"name":"wp","href":"https:\/\/api.w.org\/{rel}","templated":true}]}}