{"id":249,"date":"2018-08-31T07:47:25","date_gmt":"2018-08-31T07:47:25","guid":{"rendered":"http:\/\/thp-helmich.net\/?page_id=249"},"modified":"2022-01-27T08:01:15","modified_gmt":"2022-01-27T08:01:15","slug":"sterbebegleitung","status":"publish","type":"page","link":"https:\/\/thp-helmich.net\/?page_id=249","title":{"rendered":"Sterbebegleitung"},"content":{"rendered":"<p>Wer sein Leben mit einem Haustier teilt, wird sich der Endlichkeit dieses gemeinsamen Weges fr\u00fcher oder sp\u00e4ter bewusst. Auch im Sterbeprozess kann Hom\u00f6opathie Erstaunliches erreichen, ob nun mit oder ohne schulmedizinische Unterst\u00fctzung. Gerne begleite ich Ihr Tier und Sie auf diesem Weg, der &#8211; wenn auch traurig &#8211; meist von wundersamen Erlebnissen gepr\u00e4gt ist und die Beziehung zu Ihrem Tier aufs Neue zeigt und best\u00e4rkt. Ich freue mich, von Ihnen zu h\u00f6ren.<\/p>\n","protected":false},"excerpt":{"rendered":"<p>Wer sein Leben mit einem Haustier teilt, wird sich der Endlichkeit dieses gemeinsamen Weges fr\u00fcher oder sp\u00e4ter bewusst. Auch im Sterbeprozess kann Hom\u00f6opathie Erstaunliches erreichen, ob nun mit oder ohne schulmedizinische Unterst\u00fctzung. Gerne begleite ich Ihr Tier und Sie auf &hellip; <a href=\"https:\/\/thp-helmich.net\/?page_id=249\">Weiterlesen <span class=\"meta-nav\">&rarr;<\/span><\/a><\/p>\n","protected":false},"author":1,"featured_media":0,"parent":0,"menu_order":0,"comment_status":"closed","ping_status":"closed","template":"","meta":{"footnotes":""},"class_list":["post-249","page","type-page","status-publish","hentry"],"yoast_head":"<!-- This site is optimized with the Yoast SEO plugin v27.5 - https:\/\/yoast.com\/product\/yoast-seo-wordpress\/ -->\n<title>Sterbebegleitung - Mobile Praxis f\u00fcr klassische Tierhom\u00f6opathie<\/title>\n<meta name=\"robots\" content=\"index, follow, max-snippet:-1, max-image-preview:large, max-video-preview:-1\" \/>\n<link rel=\"canonical\" href=\"https:\/\/thp-helmich.net\/?page_id=249\" \/>\n<meta property=\"og:locale\" content=\"de_DE\" \/>\n<meta property=\"og:type\" content=\"article\" \/>\n<meta property=\"og:title\" content=\"Sterbebegleitung - Mobile Praxis f\u00fcr klassische Tierhom\u00f6opathie\" \/>\n<meta property=\"og:description\" content=\"Wer sein Leben mit einem Haustier teilt, wird sich der Endlichkeit dieses gemeinsamen Weges fr\u00fcher oder sp\u00e4ter bewusst. Auch im Sterbeprozess kann Hom\u00f6opathie Erstaunliches erreichen, ob nun mit oder ohne schulmedizinische Unterst\u00fctzung. Gerne begleite ich Ihr Tier und Sie auf &hellip; Weiterlesen &rarr;\" \/>\n<meta property=\"og:url\" content=\"https:\/\/thp-helmich.net\/?page_id=249\" \/>\n<meta property=\"og:site_name\" content=\"Mobile Praxis f\u00fcr klassische Tierhom\u00f6opathie\" \/>\n<meta property=\"article:modified_time\" content=\"2022-01-27T08:01:15+00:00\" \/>\n<meta name=\"twitter:card\" content=\"summary_large_image\" \/>\n<meta name=\"twitter:label1\" content=\"Gesch\u00e4tzte Lesezeit\" \/>\n\t<meta name=\"twitter:data1\" content=\"1\u00a0Minute\" \/>\n<script type=\"application\/ld+json\" class=\"yoast-schema-graph\">{\"@context\":\"https:\\\/\\\/schema.org\",\"@graph\":[{\"@type\":\"WebPage\",\"@id\":\"https:\\\/\\\/thp-helmich.net\\\/?page_id=249\",\"url\":\"https:\\\/\\\/thp-helmich.net\\\/?page_id=249\",\"name\":\"Sterbebegleitung - Mobile Praxis f\u00fcr klassische Tierhom\u00f6opathie\",\"isPartOf\":{\"@id\":\"https:\\\/\\\/thp-helmich.net\\\/#website\"},\"datePublished\":\"2018-08-31T07:47:25+00:00\",\"dateModified\":\"2022-01-27T08:01:15+00:00\",\"breadcrumb\":{\"@id\":\"https:\\\/\\\/thp-helmich.net\\\/?page_id=249#breadcrumb\"},\"inLanguage\":\"de\",\"potentialAction\":[{\"@type\":\"ReadAction\",\"target\":[\"https:\\\/\\\/thp-helmich.net\\\/?page_id=249\"]}]},{\"@type\":\"BreadcrumbList\",\"@id\":\"https:\\\/\\\/thp-helmich.net\\\/?page_id=249#breadcrumb\",\"itemListElement\":[{\"@type\":\"ListItem\",\"position\":1,\"name\":\"Startseite\",\"item\":\"https:\\\/\\\/thp-helmich.net\\\/\"},{\"@type\":\"ListItem\",\"position\":2,\"name\":\"Sterbebegleitung\"}]},{\"@type\":\"WebSite\",\"@id\":\"https:\\\/\\\/thp-helmich.net\\\/#website\",\"url\":\"https:\\\/\\\/thp-helmich.net\\\/\",\"name\":\"Mobile Praxis f\u00fcr klassische Tierhom\u00f6opathie\",\"description\":\"Max Helmich, M.A., THP (BkTD e.V.)\",\"potentialAction\":[{\"@type\":\"SearchAction\",\"target\":{\"@type\":\"EntryPoint\",\"urlTemplate\":\"https:\\\/\\\/thp-helmich.net\\\/?s={search_term_string}\"},\"query-input\":{\"@type\":\"PropertyValueSpecification\",\"valueRequired\":true,\"valueName\":\"search_term_string\"}}],\"inLanguage\":\"de\"}]}<\/script>\n<!-- \/ Yoast SEO plugin. -->","yoast_head_json":{"title":"Sterbebegleitung - Mobile Praxis f\u00fcr klassische Tierhom\u00f6opathie","robots":{"index":"index","follow":"follow","max-snippet":"max-snippet:-1","max-image-preview":"max-image-preview:large","max-video-preview":"max-video-preview:-1"},"canonical":"https:\/\/thp-helmich.net\/?page_id=249","og_locale":"de_DE","og_type":"article","og_title":"Sterbebegleitung - Mobile Praxis f\u00fcr klassische Tierhom\u00f6opathie","og_description":"Wer sein Leben mit einem Haustier teilt, wird sich der Endlichkeit dieses gemeinsamen Weges fr\u00fcher oder sp\u00e4ter bewusst. Auch im Sterbeprozess kann Hom\u00f6opathie Erstaunliches erreichen, ob nun mit oder ohne schulmedizinische Unterst\u00fctzung. Gerne begleite ich Ihr Tier und Sie auf &hellip; Weiterlesen &rarr;","og_url":"https:\/\/thp-helmich.net\/?page_id=249","og_site_name":"Mobile Praxis f\u00fcr klassische Tierhom\u00f6opathie","article_modified_time":"2022-01-27T08:01:15+00:00","twitter_card":"summary_large_image","twitter_misc":{"Gesch\u00e4tzte Lesezeit":"1\u00a0Minute"},"schema":{"@context":"https:\/\/schema.org","@graph":[{"@type":"WebPage","@id":"https:\/\/thp-helmich.net\/?page_id=249","url":"https:\/\/thp-helmich.net\/?page_id=249","name":"Sterbebegleitung - Mobile Praxis f\u00fcr klassische Tierhom\u00f6opathie","isPartOf":{"@id":"https:\/\/thp-helmich.net\/#website"},"datePublished":"2018-08-31T07:47:25+00:00","dateModified":"2022-01-27T08:01:15+00:00","breadcrumb":{"@id":"https:\/\/thp-helmich.net\/?page_id=249#breadcrumb"},"inLanguage":"de","potentialAction":[{"@type":"ReadAction","target":["https:\/\/thp-helmich.net\/?page_id=249"]}]},{"@type":"BreadcrumbList","@id":"https:\/\/thp-helmich.net\/?page_id=249#breadcrumb","itemListElement":[{"@type":"ListItem","position":1,"name":"Startseite","item":"https:\/\/thp-helmich.net\/"},{"@type":"ListItem","position":2,"name":"Sterbebegleitung"}]},{"@type":"WebSite","@id":"https:\/\/thp-helmich.net\/#website","url":"https:\/\/thp-helmich.net\/","name":"Mobile Praxis f\u00fcr klassische Tierhom\u00f6opathie","description":"Max Helmich, M.A., THP (BkTD e.V.)","potentialAction":[{"@type":"SearchAction","target":{"@type":"EntryPoint","urlTemplate":"https:\/\/thp-helmich.net\/?s={search_term_string}"},"query-input":{"@type":"PropertyValueSpecification","valueRequired":true,"valueName":"search_term_string"}}],"inLanguage":"de"}]}},"_links":{"self":[{"href":"https:\/\/thp-helmich.net\/index.php?rest_route=\/wp\/v2\/pages\/249","targetHints":{"allow":["GET"]}}],"collection":[{"href":"https:\/\/thp-helmich.net\/index.php?rest_route=\/wp\/v2\/pages"}],"about":[{"href":"https:\/\/thp-helmich.net\/index.php?rest_route=\/wp\/v2\/types\/page"}],"author":[{"embeddable":true,"href":"https:\/\/thp-helmich.net\/index.php?rest_route=\/wp\/v2\/users\/1"}],"replies":[{"embeddable":true,"href":"https:\/\/thp-helmich.net\/index.php?rest_route=%2Fwp%2Fv2%2Fcomments&post=249"}],"version-history":[{"count":2,"href":"https:\/\/thp-helmich.net\/index.php?rest_route=\/wp\/v2\/pages\/249\/revisions"}],"predecessor-version":[{"id":274,"href":"https:\/\/thp-helmich.net\/index.php?rest_route=\/wp\/v2\/pages\/249\/revisions\/274"}],"wp:attachment":[{"href":"https:\/\/thp-helmich.net\/index.php?rest_route=%2Fwp%2Fv2%2Fmedia&parent=249"}],"curies":[{"name":"wp","href":"https:\/\/api.w.org\/{rel}","templated":true}]}}