{"id":286,"date":"2019-12-07T03:09:31","date_gmt":"2019-12-07T03:09:31","guid":{"rendered":"http:\/\/thp-helmich.net\/?page_id=286"},"modified":"2025-11-08T12:25:16","modified_gmt":"2025-11-08T12:25:16","slug":"leistungen","status":"publish","type":"page","link":"https:\/\/thp-helmich.net\/?page_id=286","title":{"rendered":"Leistungen"},"content":{"rendered":"\n<p>Meine Leistungen berechne ich in Anlehnung an den Leistungskatalog des Berufsverbandes klassischer Tierhom\u00f6opathen Deutschlands, BkTD e.V., dem ich angeh\u00f6re. Alle Preise verstehen sich zuz\u00fcglich der gesetzlichen Mehrwertsteuer von 19%:<\/p>\n\n\n\n<ul class=\"wp-block-list\">\n<li>Kurze telefonische Nachfrage (bis 1 Minute) ohne direkten Handlungsbedarf : <strong>0 \u20ac<\/strong><\/li>\n<\/ul>\n\n\n\n<ul class=\"wp-block-list\">\n<li>Erstanamnese\/Erstgespr\u00e4ch: <strong>140 \u20ac<\/strong><\/li>\n<\/ul>\n\n\n\n<ul class=\"wp-block-list\">\n<li>Folgeanamnese (pauschal bis zu einer Dauer von 60 Minuten, danach minutengenau): <strong>80\u20ac<\/strong><\/li>\n<\/ul>\n\n\n\n<ul class=\"wp-block-list\">\n<li>Alle anderen Gespr\u00e4che\/R\u00fcckmeldungen zur Mittelwirkung (minutengenau abgerechnet): &nbsp;<strong>1,10 \u20ac\/Minute<\/strong><\/li>\n<\/ul>\n\n\n\n<ul class=\"wp-block-list\">\n<li>Fahrtkosten pro gefahrenem Kilometer: <strong>0,60 \u20ac<\/strong><br>Bei Besuchen im Stadtgebiet Mainz\/Wiesbaden entfallen die Fahrtkosten.<\/li>\n<\/ul>\n\n\n\n<ul class=\"wp-block-list\">\n<li><strong>Zuschl\u00e4ge<\/strong>: An Wochenenden und bei Eins\u00e4tzen nach 18 Uhr berechne ich einen Zuschlag von <strong>30%,<\/strong> an Sonn- und Feiertagen gilt ein Zuschlag von<strong> 50% <\/strong>auf die jeweilige Geb\u00fchr. F\u00fcr nicht durch mein Verschulden verursachte Terminausf\u00e4lle f\u00fcr Telefonate berechne ich zuk\u00fcnftig eine Pauschale von <strong>15 Euro.<\/strong><\/li>\n<\/ul>\n\n\n\n<p><\/p>\n\n\n\n<p><strong>Meine Sprechzeiten sind:<\/strong><\/p>\n\n\n\n<p>montags bis freitags von 15-18 Uhr<br>sowie freitags von 7-9 Uhr.<\/p>\n\n\n\n<p>Sie erreichen mich in dieser Zeit telefonisch unter 0179-5223858.<\/p>\n\n\n\n<p>Sollte ich einmal nicht verf\u00fcgbar sein, hinterlassen Sie mir bitte eine Nachricht. Ich rufe Sie so schnell wie m\u00f6glich zur\u00fcck. Au\u00dferdem k\u00f6nnen Sie mir nat\u00fcrlich jederzeit eine E-Mail schreiben an:<\/p>\n\n\n\n<p>thp.helmich@gmail.com<\/p>\n\n\n\n<p>Terminvereinbarungen sind auch au\u00dferhalb der Sprechzeiten m\u00f6glich.<\/p>\n","protected":false},"excerpt":{"rendered":"<p>Meine Leistungen berechne ich in Anlehnung an den Leistungskatalog des Berufsverbandes klassischer Tierhom\u00f6opathen Deutschlands, BkTD e.V., dem ich angeh\u00f6re. Alle Preise verstehen sich zuz\u00fcglich der gesetzlichen Mehrwertsteuer von 19%: Meine Sprechzeiten sind: montags bis freitags von 15-18 Uhrsowie freitags von &hellip; <a href=\"https:\/\/thp-helmich.net\/?page_id=286\">Weiterlesen <span class=\"meta-nav\">&rarr;<\/span><\/a><\/p>\n","protected":false},"author":1,"featured_media":0,"parent":0,"menu_order":0,"comment_status":"closed","ping_status":"closed","template":"","meta":{"footnotes":""},"class_list":["post-286","page","type-page","status-publish","hentry"],"yoast_head":"<!-- This site is optimized with the Yoast SEO plugin v27.5 - https:\/\/yoast.com\/product\/yoast-seo-wordpress\/ -->\n<title>Leistungen - Mobile Praxis f\u00fcr klassische Tierhom\u00f6opathie<\/title>\n<meta name=\"robots\" content=\"index, follow, max-snippet:-1, max-image-preview:large, max-video-preview:-1\" \/>\n<link rel=\"canonical\" href=\"https:\/\/thp-helmich.net\/?page_id=286\" \/>\n<meta property=\"og:locale\" content=\"de_DE\" \/>\n<meta property=\"og:type\" content=\"article\" \/>\n<meta property=\"og:title\" content=\"Leistungen - Mobile Praxis f\u00fcr klassische Tierhom\u00f6opathie\" \/>\n<meta property=\"og:description\" content=\"Meine Leistungen berechne ich in Anlehnung an den Leistungskatalog des Berufsverbandes klassischer Tierhom\u00f6opathen Deutschlands, BkTD e.V., dem ich angeh\u00f6re. Alle Preise verstehen sich zuz\u00fcglich der gesetzlichen Mehrwertsteuer von 19%: Meine Sprechzeiten sind: montags bis freitags von 15-18 Uhrsowie freitags von &hellip; Weiterlesen &rarr;\" \/>\n<meta property=\"og:url\" content=\"https:\/\/thp-helmich.net\/?page_id=286\" \/>\n<meta property=\"og:site_name\" content=\"Mobile Praxis f\u00fcr klassische Tierhom\u00f6opathie\" \/>\n<meta property=\"article:modified_time\" content=\"2025-11-08T12:25:16+00:00\" \/>\n<meta name=\"twitter:card\" content=\"summary_large_image\" \/>\n<meta name=\"twitter:label1\" content=\"Gesch\u00e4tzte Lesezeit\" \/>\n\t<meta name=\"twitter:data1\" content=\"2\u00a0Minuten\" \/>\n<script type=\"application\/ld+json\" class=\"yoast-schema-graph\">{\"@context\":\"https:\\\/\\\/schema.org\",\"@graph\":[{\"@type\":\"WebPage\",\"@id\":\"https:\\\/\\\/thp-helmich.net\\\/?page_id=286\",\"url\":\"https:\\\/\\\/thp-helmich.net\\\/?page_id=286\",\"name\":\"Leistungen - Mobile Praxis f\u00fcr klassische Tierhom\u00f6opathie\",\"isPartOf\":{\"@id\":\"https:\\\/\\\/thp-helmich.net\\\/#website\"},\"datePublished\":\"2019-12-07T03:09:31+00:00\",\"dateModified\":\"2025-11-08T12:25:16+00:00\",\"breadcrumb\":{\"@id\":\"https:\\\/\\\/thp-helmich.net\\\/?page_id=286#breadcrumb\"},\"inLanguage\":\"de\",\"potentialAction\":[{\"@type\":\"ReadAction\",\"target\":[\"https:\\\/\\\/thp-helmich.net\\\/?page_id=286\"]}]},{\"@type\":\"BreadcrumbList\",\"@id\":\"https:\\\/\\\/thp-helmich.net\\\/?page_id=286#breadcrumb\",\"itemListElement\":[{\"@type\":\"ListItem\",\"position\":1,\"name\":\"Startseite\",\"item\":\"https:\\\/\\\/thp-helmich.net\\\/\"},{\"@type\":\"ListItem\",\"position\":2,\"name\":\"Leistungen\"}]},{\"@type\":\"WebSite\",\"@id\":\"https:\\\/\\\/thp-helmich.net\\\/#website\",\"url\":\"https:\\\/\\\/thp-helmich.net\\\/\",\"name\":\"Mobile Praxis f\u00fcr klassische Tierhom\u00f6opathie\",\"description\":\"Max Helmich, M.A., THP (BkTD e.V.)\",\"potentialAction\":[{\"@type\":\"SearchAction\",\"target\":{\"@type\":\"EntryPoint\",\"urlTemplate\":\"https:\\\/\\\/thp-helmich.net\\\/?s={search_term_string}\"},\"query-input\":{\"@type\":\"PropertyValueSpecification\",\"valueRequired\":true,\"valueName\":\"search_term_string\"}}],\"inLanguage\":\"de\"}]}<\/script>\n<!-- \/ Yoast SEO plugin. -->","yoast_head_json":{"title":"Leistungen - Mobile Praxis f\u00fcr klassische Tierhom\u00f6opathie","robots":{"index":"index","follow":"follow","max-snippet":"max-snippet:-1","max-image-preview":"max-image-preview:large","max-video-preview":"max-video-preview:-1"},"canonical":"https:\/\/thp-helmich.net\/?page_id=286","og_locale":"de_DE","og_type":"article","og_title":"Leistungen - Mobile Praxis f\u00fcr klassische Tierhom\u00f6opathie","og_description":"Meine Leistungen berechne ich in Anlehnung an den Leistungskatalog des Berufsverbandes klassischer Tierhom\u00f6opathen Deutschlands, BkTD e.V., dem ich angeh\u00f6re. Alle Preise verstehen sich zuz\u00fcglich der gesetzlichen Mehrwertsteuer von 19%: Meine Sprechzeiten sind: montags bis freitags von 15-18 Uhrsowie freitags von &hellip; Weiterlesen &rarr;","og_url":"https:\/\/thp-helmich.net\/?page_id=286","og_site_name":"Mobile Praxis f\u00fcr klassische Tierhom\u00f6opathie","article_modified_time":"2025-11-08T12:25:16+00:00","twitter_card":"summary_large_image","twitter_misc":{"Gesch\u00e4tzte Lesezeit":"2\u00a0Minuten"},"schema":{"@context":"https:\/\/schema.org","@graph":[{"@type":"WebPage","@id":"https:\/\/thp-helmich.net\/?page_id=286","url":"https:\/\/thp-helmich.net\/?page_id=286","name":"Leistungen - Mobile Praxis f\u00fcr klassische Tierhom\u00f6opathie","isPartOf":{"@id":"https:\/\/thp-helmich.net\/#website"},"datePublished":"2019-12-07T03:09:31+00:00","dateModified":"2025-11-08T12:25:16+00:00","breadcrumb":{"@id":"https:\/\/thp-helmich.net\/?page_id=286#breadcrumb"},"inLanguage":"de","potentialAction":[{"@type":"ReadAction","target":["https:\/\/thp-helmich.net\/?page_id=286"]}]},{"@type":"BreadcrumbList","@id":"https:\/\/thp-helmich.net\/?page_id=286#breadcrumb","itemListElement":[{"@type":"ListItem","position":1,"name":"Startseite","item":"https:\/\/thp-helmich.net\/"},{"@type":"ListItem","position":2,"name":"Leistungen"}]},{"@type":"WebSite","@id":"https:\/\/thp-helmich.net\/#website","url":"https:\/\/thp-helmich.net\/","name":"Mobile Praxis f\u00fcr klassische Tierhom\u00f6opathie","description":"Max Helmich, M.A., THP (BkTD e.V.)","potentialAction":[{"@type":"SearchAction","target":{"@type":"EntryPoint","urlTemplate":"https:\/\/thp-helmich.net\/?s={search_term_string}"},"query-input":{"@type":"PropertyValueSpecification","valueRequired":true,"valueName":"search_term_string"}}],"inLanguage":"de"}]}},"_links":{"self":[{"href":"https:\/\/thp-helmich.net\/index.php?rest_route=\/wp\/v2\/pages\/286","targetHints":{"allow":["GET"]}}],"collection":[{"href":"https:\/\/thp-helmich.net\/index.php?rest_route=\/wp\/v2\/pages"}],"about":[{"href":"https:\/\/thp-helmich.net\/index.php?rest_route=\/wp\/v2\/types\/page"}],"author":[{"embeddable":true,"href":"https:\/\/thp-helmich.net\/index.php?rest_route=\/wp\/v2\/users\/1"}],"replies":[{"embeddable":true,"href":"https:\/\/thp-helmich.net\/index.php?rest_route=%2Fwp%2Fv2%2Fcomments&post=286"}],"version-history":[{"count":16,"href":"https:\/\/thp-helmich.net\/index.php?rest_route=\/wp\/v2\/pages\/286\/revisions"}],"predecessor-version":[{"id":441,"href":"https:\/\/thp-helmich.net\/index.php?rest_route=\/wp\/v2\/pages\/286\/revisions\/441"}],"wp:attachment":[{"href":"https:\/\/thp-helmich.net\/index.php?rest_route=%2Fwp%2Fv2%2Fmedia&parent=286"}],"curies":[{"name":"wp","href":"https:\/\/api.w.org\/{rel}","templated":true}]}}