{"id":29,"date":"2014-04-03T07:42:54","date_gmt":"2014-04-03T07:42:54","guid":{"rendered":"http:\/\/thp-helmich.net\/?page_id=29"},"modified":"2025-11-08T12:23:36","modified_gmt":"2025-11-08T12:23:36","slug":"aktuelles-zur-mobilen-praxis-fuer-tierhomoeopathie-max-helmich","status":"publish","type":"page","link":"https:\/\/thp-helmich.net\/?page_id=29","title":{"rendered":"Aktuell"},"content":{"rendered":"<p>Zu den Feiertagen zum Jahresende 2025 bin ich durchg\u00e4ngig erreichbar. Es gelten die Feiertagsaufschl\u00e4ge. Ich hoffe aber von Herzen, dass es ihren Fellnasen \u00fcber die Feiertage gut geht und sie alle die Zeit genie\u00dfen k\u00f6nnen.<\/p>\n\n\n<p><\/p>\n","protected":false},"excerpt":{"rendered":"<p>Zu den Feiertagen zum Jahresende 2025 bin ich durchg\u00e4ngig erreichbar. Es gelten die Feiertagsaufschl\u00e4ge. Ich hoffe aber von Herzen, dass es ihren Fellnasen \u00fcber die Feiertage gut geht und sie alle die Zeit genie\u00dfen k\u00f6nnen.<\/p>\n","protected":false},"author":1,"featured_media":0,"parent":0,"menu_order":0,"comment_status":"closed","ping_status":"closed","template":"onecolumn-page.php","meta":{"footnotes":""},"class_list":["post-29","page","type-page","status-publish","hentry"],"yoast_head":"<!-- This site is optimized with the Yoast SEO plugin v27.5 - https:\/\/yoast.com\/product\/yoast-seo-wordpress\/ -->\n<title>Aktuell - Mobile Praxis f\u00fcr klassische Tierhom\u00f6opathie<\/title>\n<meta name=\"description\" content=\"Die Mobile Praxis f\u00fcr Tierhom\u00f6opathie ist f\u00fcr Sie und Ihr Tier einsatzbereit, live wie online. Sie erreichen mich i. d. R. nachmittags.\" \/>\n<meta name=\"robots\" content=\"index, follow, max-snippet:-1, max-image-preview:large, max-video-preview:-1\" \/>\n<link rel=\"canonical\" href=\"https:\/\/thp-helmich.net\/?page_id=29\" \/>\n<meta property=\"og:locale\" content=\"de_DE\" \/>\n<meta property=\"og:type\" content=\"article\" \/>\n<meta property=\"og:title\" content=\"Aktuell - Mobile Praxis f\u00fcr klassische Tierhom\u00f6opathie\" \/>\n<meta property=\"og:description\" content=\"Die Mobile Praxis f\u00fcr Tierhom\u00f6opathie ist f\u00fcr Sie und Ihr Tier einsatzbereit, live wie online. Sie erreichen mich i. d. R. nachmittags.\" \/>\n<meta property=\"og:url\" content=\"https:\/\/thp-helmich.net\/?page_id=29\" \/>\n<meta property=\"og:site_name\" content=\"Mobile Praxis f\u00fcr klassische Tierhom\u00f6opathie\" \/>\n<meta property=\"article:modified_time\" content=\"2025-11-08T12:23:36+00:00\" \/>\n<meta name=\"twitter:card\" content=\"summary_large_image\" \/>\n<meta name=\"twitter:label1\" content=\"Gesch\u00e4tzte Lesezeit\" \/>\n\t<meta name=\"twitter:data1\" content=\"1\u00a0Minute\" \/>\n<script type=\"application\/ld+json\" class=\"yoast-schema-graph\">{\"@context\":\"https:\\\/\\\/schema.org\",\"@graph\":[{\"@type\":\"WebPage\",\"@id\":\"https:\\\/\\\/thp-helmich.net\\\/?page_id=29\",\"url\":\"https:\\\/\\\/thp-helmich.net\\\/?page_id=29\",\"name\":\"Aktuell - Mobile Praxis f\u00fcr klassische Tierhom\u00f6opathie\",\"isPartOf\":{\"@id\":\"https:\\\/\\\/thp-helmich.net\\\/#website\"},\"datePublished\":\"2014-04-03T07:42:54+00:00\",\"dateModified\":\"2025-11-08T12:23:36+00:00\",\"description\":\"Die Mobile Praxis f\u00fcr Tierhom\u00f6opathie ist f\u00fcr Sie und Ihr Tier einsatzbereit, live wie online. Sie erreichen mich i. d. R. nachmittags.\",\"breadcrumb\":{\"@id\":\"https:\\\/\\\/thp-helmich.net\\\/?page_id=29#breadcrumb\"},\"inLanguage\":\"de\",\"potentialAction\":[{\"@type\":\"ReadAction\",\"target\":[\"https:\\\/\\\/thp-helmich.net\\\/?page_id=29\"]}]},{\"@type\":\"BreadcrumbList\",\"@id\":\"https:\\\/\\\/thp-helmich.net\\\/?page_id=29#breadcrumb\",\"itemListElement\":[{\"@type\":\"ListItem\",\"position\":1,\"name\":\"Startseite\",\"item\":\"https:\\\/\\\/thp-helmich.net\\\/\"},{\"@type\":\"ListItem\",\"position\":2,\"name\":\"Aktuell\"}]},{\"@type\":\"WebSite\",\"@id\":\"https:\\\/\\\/thp-helmich.net\\\/#website\",\"url\":\"https:\\\/\\\/thp-helmich.net\\\/\",\"name\":\"Mobile Praxis f\u00fcr klassische Tierhom\u00f6opathie\",\"description\":\"Max Helmich, M.A., THP (BkTD e.V.)\",\"potentialAction\":[{\"@type\":\"SearchAction\",\"target\":{\"@type\":\"EntryPoint\",\"urlTemplate\":\"https:\\\/\\\/thp-helmich.net\\\/?s={search_term_string}\"},\"query-input\":{\"@type\":\"PropertyValueSpecification\",\"valueRequired\":true,\"valueName\":\"search_term_string\"}}],\"inLanguage\":\"de\"}]}<\/script>\n<!-- \/ Yoast SEO plugin. -->","yoast_head_json":{"title":"Aktuell - Mobile Praxis f\u00fcr klassische Tierhom\u00f6opathie","description":"Die Mobile Praxis f\u00fcr Tierhom\u00f6opathie ist f\u00fcr Sie und Ihr Tier einsatzbereit, live wie online. Sie erreichen mich i. d. R. nachmittags.","robots":{"index":"index","follow":"follow","max-snippet":"max-snippet:-1","max-image-preview":"max-image-preview:large","max-video-preview":"max-video-preview:-1"},"canonical":"https:\/\/thp-helmich.net\/?page_id=29","og_locale":"de_DE","og_type":"article","og_title":"Aktuell - Mobile Praxis f\u00fcr klassische Tierhom\u00f6opathie","og_description":"Die Mobile Praxis f\u00fcr Tierhom\u00f6opathie ist f\u00fcr Sie und Ihr Tier einsatzbereit, live wie online. Sie erreichen mich i. d. R. nachmittags.","og_url":"https:\/\/thp-helmich.net\/?page_id=29","og_site_name":"Mobile Praxis f\u00fcr klassische Tierhom\u00f6opathie","article_modified_time":"2025-11-08T12:23:36+00:00","twitter_card":"summary_large_image","twitter_misc":{"Gesch\u00e4tzte Lesezeit":"1\u00a0Minute"},"schema":{"@context":"https:\/\/schema.org","@graph":[{"@type":"WebPage","@id":"https:\/\/thp-helmich.net\/?page_id=29","url":"https:\/\/thp-helmich.net\/?page_id=29","name":"Aktuell - Mobile Praxis f\u00fcr klassische Tierhom\u00f6opathie","isPartOf":{"@id":"https:\/\/thp-helmich.net\/#website"},"datePublished":"2014-04-03T07:42:54+00:00","dateModified":"2025-11-08T12:23:36+00:00","description":"Die Mobile Praxis f\u00fcr Tierhom\u00f6opathie ist f\u00fcr Sie und Ihr Tier einsatzbereit, live wie online. Sie erreichen mich i. d. R. nachmittags.","breadcrumb":{"@id":"https:\/\/thp-helmich.net\/?page_id=29#breadcrumb"},"inLanguage":"de","potentialAction":[{"@type":"ReadAction","target":["https:\/\/thp-helmich.net\/?page_id=29"]}]},{"@type":"BreadcrumbList","@id":"https:\/\/thp-helmich.net\/?page_id=29#breadcrumb","itemListElement":[{"@type":"ListItem","position":1,"name":"Startseite","item":"https:\/\/thp-helmich.net\/"},{"@type":"ListItem","position":2,"name":"Aktuell"}]},{"@type":"WebSite","@id":"https:\/\/thp-helmich.net\/#website","url":"https:\/\/thp-helmich.net\/","name":"Mobile Praxis f\u00fcr klassische Tierhom\u00f6opathie","description":"Max Helmich, M.A., THP (BkTD e.V.)","potentialAction":[{"@type":"SearchAction","target":{"@type":"EntryPoint","urlTemplate":"https:\/\/thp-helmich.net\/?s={search_term_string}"},"query-input":{"@type":"PropertyValueSpecification","valueRequired":true,"valueName":"search_term_string"}}],"inLanguage":"de"}]}},"_links":{"self":[{"href":"https:\/\/thp-helmich.net\/index.php?rest_route=\/wp\/v2\/pages\/29","targetHints":{"allow":["GET"]}}],"collection":[{"href":"https:\/\/thp-helmich.net\/index.php?rest_route=\/wp\/v2\/pages"}],"about":[{"href":"https:\/\/thp-helmich.net\/index.php?rest_route=\/wp\/v2\/types\/page"}],"author":[{"embeddable":true,"href":"https:\/\/thp-helmich.net\/index.php?rest_route=\/wp\/v2\/users\/1"}],"replies":[{"embeddable":true,"href":"https:\/\/thp-helmich.net\/index.php?rest_route=%2Fwp%2Fv2%2Fcomments&post=29"}],"version-history":[{"count":28,"href":"https:\/\/thp-helmich.net\/index.php?rest_route=\/wp\/v2\/pages\/29\/revisions"}],"predecessor-version":[{"id":440,"href":"https:\/\/thp-helmich.net\/index.php?rest_route=\/wp\/v2\/pages\/29\/revisions\/440"}],"wp:attachment":[{"href":"https:\/\/thp-helmich.net\/index.php?rest_route=%2Fwp%2Fv2%2Fmedia&parent=29"}],"curies":[{"name":"wp","href":"https:\/\/api.w.org\/{rel}","templated":true}]}}