{"id":48,"date":"2014-04-14T15:51:23","date_gmt":"2014-04-14T15:51:23","guid":{"rendered":"http:\/\/thp-helmich.net\/?page_id=48"},"modified":"2025-11-10T14:47:08","modified_gmt":"2025-11-10T14:47:08","slug":"ueber-mich","status":"publish","type":"page","link":"https:\/\/thp-helmich.net\/?page_id=48","title":{"rendered":"Werdegang und Qualifikationen"},"content":{"rendered":"\n<p>Hier finden Sie meinen Werdegang und meine Qualifikationen in klassischer Tierhom\u00f6opathie und tiermedizinischem Wissen.<\/p>\n\n\n<p><span class=\"Apple-style-span\">Ich bin 1971 geboren und lebe mit meiner Frau und unseren drei Katzen in Mainz-Kastel, direkt gegen\u00fcber der Mainzer Innenstadt.<\/span><\/p>\n<p><a href=\"http:\/\/thp-helmich.net\/wp-content\/uploads\/2019\/12\/max_homoeop2-scaled.jpg\"><img loading=\"lazy\" decoding=\"async\" class=\" wp-image-278\" src=\"http:\/\/thp-helmich.net\/wp-content\/uploads\/2019\/12\/max_homoeop2-169x300.jpg\" alt=\"\" width=\"156\" height=\"277\" srcset=\"https:\/\/thp-helmich.net\/wp-content\/uploads\/2019\/12\/max_homoeop2-169x300.jpg 169w, https:\/\/thp-helmich.net\/wp-content\/uploads\/2019\/12\/max_homoeop2-576x1024.jpg 576w, https:\/\/thp-helmich.net\/wp-content\/uploads\/2019\/12\/max_homoeop2-768x1365.jpg 768w, https:\/\/thp-helmich.net\/wp-content\/uploads\/2019\/12\/max_homoeop2-864x1536.jpg 864w, https:\/\/thp-helmich.net\/wp-content\/uploads\/2019\/12\/max_homoeop2-1152x2048.jpg 1152w, https:\/\/thp-helmich.net\/wp-content\/uploads\/2019\/12\/max_homoeop2-scaled.jpg 1440w\" sizes=\"auto, (max-width: 156px) 100vw, 156px\" \/><\/a><\/p>\n<p>Nach Abschluss meines Magisterstudiums der nordamerikanischen, britischen und deutschen Literatur an der Johannes-Gutenberg-Universit\u00e4t Mainz begann ich zun\u00e4chst, selbstst\u00e4ndig als \u00dcbersetzer und Dolmetscher f\u00fcr Deutsch-Englisch zu arbeiten.<\/p>\n<p>Im Jahr 2008 lie\u00df ich mich aufgrund einer Erkrankung trotz intensiver Vorbehalte erstmals klassisch hom\u00f6opathisch behandeln. Schon bald erkannte ich, wie einleuchtend, hoch individuell und vor allem wirksam dieser Behandlungsansatz Samuel Hahnemanns war.<\/p>\n<p>2009 entwickelte sich in mir der starke Wunsch nach einer Richtungs\u00e4nderung in meinem Berufsleben. Als ich in einem Magazin namens\u00a0<a title=\"Schrot &amp; Korn\" href=\"http:\/\/www.schrotundkorn.de\/\">Schrot &amp; Korn<\/a>\u00a0einen Bericht \u00fcber klassische Tierhom\u00f6opathie entdeckte, klickte es in mir.<\/p>\n<p>Schon immer hatte ich gro\u00dfes Interesse an medizinischem Wissen gehabt und hier bot sich die M\u00f6glichkeit, meine Liebe und Faszination f\u00fcr Tiere mit meinem Ver\u00e4nderungswunsch zu kombinieren. Ich begab mich auf die Suche nach einer Schule, die mir ein solides Wissen in Tiermedizin, Verhaltenskunde, ein fundiertes Studium der Lehren Hahnemanns sowie Praxiskenntnisse bieten konnte. Bei\u00a0<a title=\"animalmundi\" href=\"http:\/\/www.animalmundi.com\/\">animalmundi<\/a>, der Schule f\u00fcr Tierhom\u00f6opathie in Egestorf, wurde ich f\u00fcndig. Im Herbst 2009 begann ich mein Studium der klassischen Tierhom\u00f6opathie bei animalmundi an den Standorten Egestorf bei Hamburg und Freising.<\/p>\n<p>2013 legte ich vor dem\u00a0<a title=\"BkTD e.V.\" href=\"http:\/\/www.bktd.com\" target=\"_blank\" rel=\"noopener noreferrer\">BkTD e.V.<\/a> nach einem erfolgreich absolvierten praktischen Jahr meine Pr\u00fcfung zum Tierheilpraktiker mit Schwerpunkt Tierhom\u00f6opathie ab. Der BkTD e.V. zeichnet sich in dem weiten Feld der Tierheilpraktikerszene durch ein hohes Ma\u00df an Qualit\u00e4tssicherung aus und orientiert sich aus diesen Gr\u00fcnden in seiner <a title=\"Pr\u00fcfungsordnung\" href=\"http:\/\/www.bktd.com\/index.php?id=41\" target=\"_blank\" rel=\"noopener noreferrer\">Pr\u00fcfungsordnung<\/a>\u00a0am Stiftung Hom\u00f6opathie-Zertifikat (SHZ) sowie den Richtlinien des European Council for Classic Homeopathy (ECCH), humanhom\u00f6opathischen Standards also. So bestand meine Abschlusspr\u00fcfung aus einer tiermedizinischen Pr\u00fcfung, einer Pr\u00fcfung in klassischer Hom\u00f6opathie, einer Facharbeit sowie drei l\u00fcckenlos dokumentierten Fallanalysen.<\/p>\n<p><strong>Absolvierte Fortbildungen<\/strong><\/p>\n<p>Erworbenes Wissen zu festigen und zu erweitern ist mir in meiner Arbeit sehr wichtig. Neben regelm\u00e4\u00dfigen Supervisionswochenenden bilde ich mich daher so oft wie m\u00f6glich in klassisch hom\u00f6opathischen oder tiermedizinischen Themengebieten weiter. Hier finden Sie eine Liste meiner Fortbildungen\/Supervisionen. Bei den Veranstaltungen handelt es sich\u00a0in der Regel um Wochenendseminare:<\/p>\n<p>&#8211; Titel: <strong>CNI und chronisch-rezidivierende Blasenentz\u00fcndung bei Katzen<\/strong><br \/>Dozentin: THP Sabine Loechle<br \/>Ort: Neckargem\u00fcnd\/Dilsberg<br \/>April 2013<\/p>\n<p>&#8211; Titel: <strong>Das Untersch\u00e4tzte Organ: Die Schilddr\u00fcse<\/strong><br \/>Inhalte: Funktion der Schilddr\u00fcse, Beeinflussung von Organen und anderen<br \/>Regelkreisen, Erkrankungen der Schilddr\u00fcse bei Haustieren, aktuelle<br \/>Erkenntnisse zur Diagnostik und der Interpretation von Laborbefunden<br \/>Dozentin: Dr. med. vet. Silke Stricker<br \/>Ort: Seminarzentrum f\u00fcr Tiergesundheit OWL\/Detmold-Hiddesen<br \/>Februar 2014<\/p>\n<p>&#8211; Titel: <strong>Praxisalltag (Supervision)<br \/><\/strong>Dozentin: THP Petra K. Althof<br \/>Ort: Seminarzentrum f\u00fcr Tiergesundheit OWL\/Schloss Holte Stukenbrock<br \/>Februar 2014 (Supervisionswochenende)<br \/>Mai 2014 (Supervisionswochenende)<br \/>November 2014 (Supervisionswochenende)<\/p>\n<p>&#8211; Titel:\u00a0<strong>Tierkommunikation<\/strong><br \/>Dozentin: THP Helrike Lein<br \/><span class=\"Apple-style-span\">Ort: Seminarzentrum f\u00fcr Tiergesundheit OWL\/Schloss Holte Stukenbrock<br \/>Oktober 2014<\/span><\/p>\n<p>&#8211; Titel:\u00a0<strong>Verlierst du den Mond, wenn er untergeht? Hom\u00f6opathische Begleitung alter und sterbender Tiere<br \/><\/strong>Dozentin: THP Sabine M\u00fcller<br \/><span class=\"Apple-style-span\">Ort\/Veranstalterin: Eva Dinter, Alte Scheune, Swisstal-Ollheim<br \/>Oktober\u00a02014<\/span><\/p>\n<p>&#8211; Titel: Praxisalltag: <strong>Supervision zur praktischen T\u00e4tigkeit<\/strong><br \/>Dozentin: THP Petra K. Althof, Schloss Holte-Stukenbrock<br \/>November 2014<\/p>\n<p>&#8211; Titel: Praxisalltag: <strong>Supervision zur praktischen T\u00e4tigkeit<\/strong><br \/>Dozentin: THP Petra K. Althof, Bad Salzuflen<br \/>Mai 2015<\/p>\n<p>&#8211; Titel: <strong>Hom\u00f6opathiekongress Hom\u00f6opathie Konkret<\/strong><br \/>Thema: <strong>&#8222;Akute Erkrankungen &#8211; Bedeutung im Heilungsverlauf und Fallmanagement in der Praxis&#8220;<\/strong><br \/>Referenten u. a.: Tjado Galic, Josef-Karl Graspeuntner, Dr. Helmut Retzek, Dr. Jens Wurster, M\u00fcnchen &#8211; Ottobrunn<br \/>November 2015<\/p>\n<p>&#8211; Titel: Tierheilpraktiker-Tage 2016<br \/>Schwerpunktthema: <strong>&#8222;Darmgesundheit als Voraussetzung f\u00fcr einen gesunden Organismus&#8220;<\/strong><br \/>Referentinnen: Dr. Silke Stricker, THP Sabine M\u00fcller, Dr. Martin Steingassner, Dr. Thurid Schott &#8211; Hohenroda<br \/>Juni 2016<\/p>\n<p>&#8211; Titel: <strong>Hom\u00f6opathie bei Erkrankungen des Bewegungsapparates<\/strong><br \/>Dozentin: THP Sabine M\u00fcller &#8211; Schloss Holte Stukenbrock<br \/>M\u00e4rz 2018<\/p>\n<p>&#8211; Titel: Tierheilpraktikertage in Hohenroda. Besuchte Seminare:<br \/>Dr. Ricarda Dill: <strong>Irrt\u00fcmer in der hom\u00f6opathischen Fallanalyse und Therapie<br \/><\/strong>Kristin Trede: <strong>Methodik der Behandlung schwerer<\/strong> <strong>Pathologien<\/strong><br \/>Lotti Egli: <strong>Hom\u00f6opathische Behandlung von Tumorerkrankungen<\/strong><br \/>Christine A. Maa\u00df: <strong>Das hom\u00f6opathische Symptomenlexikon<br \/><\/strong>Sabine M\u00fcller: <strong>Dosierung in der Hom\u00f6opathie bei schweren Pathologien<br \/><\/strong>Teilnahme:22.-24.6.18<\/p>\n<p>-Titel: <strong>Weiterbildung zum Trauerredner \/ Trauerbegleitung:<\/strong><br \/>Monika Klamt in Frankfurt von Mai bis August 2019<\/p>\n<p>-Titel: Karl-Josef M\u00fcller: <strong>Cats. Katzenmittel in der Hom\u00f6opathie<br \/><\/strong>Teilnahme: 18.01.2020<br \/>In Troisdorf<\/p>\n<p>-Titel: Andr\u00e9 Saine: <strong>Hom\u00f6opathie bei schweren Pathologien und vergleichende Materia Medica<\/strong><br \/>Teilnahme: 11.\/12.\/15.10.2021<\/p>\n<p>-Titel: Andreas Hundseder: <strong>Q-Potenzen Fortgeschrittene<br \/><\/strong>Teilnahme: 04.03.23 online<\/p>\n<p>&#8211; Titel: Christoph Schl\u00fcter: <strong>Autoimmunerkrankungen, Teil II<\/strong><br \/>Teilnahme: 18.10.23<\/p>\n<p>&#8211; Titel: Ewald St\u00f6teler:<strong> Blauzungenkrankheit<\/strong><br \/>Teilnahme: 30.05.25<\/p>\n<p>-Titel: <strong>Kollegiale Supervision<\/strong> (ca. 1-2 monatlich) mit THP Sabine M\u00fcller<br \/>Teilnahme 8\/2020-heute<\/p>","protected":false},"excerpt":{"rendered":"<p>Hier finden Sie meinen Werdegang und meine Qualifikationen in klassischer Tierhom\u00f6opathie und tiermedizinischem Wissen. Ich bin 1971 geboren und lebe mit meiner Frau und unseren drei Katzen in Mainz-Kastel, direkt gegen\u00fcber der Mainzer Innenstadt. Nach Abschluss meines Magisterstudiums der nordamerikanischen, &hellip; <a href=\"https:\/\/thp-helmich.net\/?page_id=48\">Weiterlesen <span class=\"meta-nav\">&rarr;<\/span><\/a><\/p>\n","protected":false},"author":1,"featured_media":51,"parent":0,"menu_order":0,"comment_status":"closed","ping_status":"closed","template":"onecolumn-page.php","meta":{"footnotes":""},"class_list":["post-48","page","type-page","status-publish","has-post-thumbnail","hentry"],"yoast_head":"<!-- This site is optimized with the Yoast SEO plugin v27.5 - https:\/\/yoast.com\/product\/yoast-seo-wordpress\/ -->\n<title>Werdegang und Qualifikationen - Mobile Praxis f\u00fcr klassische Tierhom\u00f6opathie<\/title>\n<meta name=\"robots\" content=\"index, follow, max-snippet:-1, max-image-preview:large, max-video-preview:-1\" \/>\n<link rel=\"canonical\" href=\"https:\/\/thp-helmich.net\/?page_id=48\" \/>\n<meta property=\"og:locale\" content=\"de_DE\" \/>\n<meta property=\"og:type\" content=\"article\" \/>\n<meta property=\"og:title\" content=\"Werdegang und Qualifikationen - Mobile Praxis f\u00fcr klassische Tierhom\u00f6opathie\" \/>\n<meta property=\"og:description\" content=\"Hier finden Sie meinen Werdegang und meine Qualifikationen in klassischer Tierhom\u00f6opathie und tiermedizinischem Wissen. Ich bin 1971 geboren und lebe mit meiner Frau und unseren drei Katzen in Mainz-Kastel, direkt gegen\u00fcber der Mainzer Innenstadt. Nach Abschluss meines Magisterstudiums der nordamerikanischen, &hellip; Weiterlesen &rarr;\" \/>\n<meta property=\"og:url\" content=\"https:\/\/thp-helmich.net\/?page_id=48\" \/>\n<meta property=\"og:site_name\" content=\"Mobile Praxis f\u00fcr klassische Tierhom\u00f6opathie\" \/>\n<meta property=\"article:modified_time\" content=\"2025-11-10T14:47:08+00:00\" \/>\n<meta property=\"og:image\" content=\"https:\/\/thp-helmich.net\/wp-content\/uploads\/2014\/04\/Foto-am-05-05-2012-um-12.24-2.jpg\" \/>\n\t<meta property=\"og:image:width\" content=\"640\" \/>\n\t<meta property=\"og:image:height\" content=\"480\" \/>\n\t<meta property=\"og:image:type\" content=\"image\/jpeg\" \/>\n<meta name=\"twitter:card\" content=\"summary_large_image\" \/>\n<meta name=\"twitter:label1\" content=\"Gesch\u00e4tzte Lesezeit\" \/>\n\t<meta name=\"twitter:data1\" content=\"5\u00a0Minuten\" \/>\n<script type=\"application\/ld+json\" class=\"yoast-schema-graph\">{\"@context\":\"https:\\\/\\\/schema.org\",\"@graph\":[{\"@type\":\"WebPage\",\"@id\":\"https:\\\/\\\/thp-helmich.net\\\/?page_id=48\",\"url\":\"https:\\\/\\\/thp-helmich.net\\\/?page_id=48\",\"name\":\"Werdegang und Qualifikationen - Mobile Praxis f\u00fcr klassische Tierhom\u00f6opathie\",\"isPartOf\":{\"@id\":\"https:\\\/\\\/thp-helmich.net\\\/#website\"},\"primaryImageOfPage\":{\"@id\":\"https:\\\/\\\/thp-helmich.net\\\/?page_id=48#primaryimage\"},\"image\":{\"@id\":\"https:\\\/\\\/thp-helmich.net\\\/?page_id=48#primaryimage\"},\"thumbnailUrl\":\"https:\\\/\\\/thp-helmich.net\\\/wp-content\\\/uploads\\\/2014\\\/04\\\/Foto-am-05-05-2012-um-12.24-2.jpg\",\"datePublished\":\"2014-04-14T15:51:23+00:00\",\"dateModified\":\"2025-11-10T14:47:08+00:00\",\"breadcrumb\":{\"@id\":\"https:\\\/\\\/thp-helmich.net\\\/?page_id=48#breadcrumb\"},\"inLanguage\":\"de\",\"potentialAction\":[{\"@type\":\"ReadAction\",\"target\":[\"https:\\\/\\\/thp-helmich.net\\\/?page_id=48\"]}]},{\"@type\":\"ImageObject\",\"inLanguage\":\"de\",\"@id\":\"https:\\\/\\\/thp-helmich.net\\\/?page_id=48#primaryimage\",\"url\":\"https:\\\/\\\/thp-helmich.net\\\/wp-content\\\/uploads\\\/2014\\\/04\\\/Foto-am-05-05-2012-um-12.24-2.jpg\",\"contentUrl\":\"https:\\\/\\\/thp-helmich.net\\\/wp-content\\\/uploads\\\/2014\\\/04\\\/Foto-am-05-05-2012-um-12.24-2.jpg\",\"width\":640,\"height\":480},{\"@type\":\"BreadcrumbList\",\"@id\":\"https:\\\/\\\/thp-helmich.net\\\/?page_id=48#breadcrumb\",\"itemListElement\":[{\"@type\":\"ListItem\",\"position\":1,\"name\":\"Startseite\",\"item\":\"https:\\\/\\\/thp-helmich.net\\\/\"},{\"@type\":\"ListItem\",\"position\":2,\"name\":\"Werdegang und Qualifikationen\"}]},{\"@type\":\"WebSite\",\"@id\":\"https:\\\/\\\/thp-helmich.net\\\/#website\",\"url\":\"https:\\\/\\\/thp-helmich.net\\\/\",\"name\":\"Mobile Praxis f\u00fcr klassische Tierhom\u00f6opathie\",\"description\":\"Max Helmich, M.A., THP (BkTD e.V.)\",\"potentialAction\":[{\"@type\":\"SearchAction\",\"target\":{\"@type\":\"EntryPoint\",\"urlTemplate\":\"https:\\\/\\\/thp-helmich.net\\\/?s={search_term_string}\"},\"query-input\":{\"@type\":\"PropertyValueSpecification\",\"valueRequired\":true,\"valueName\":\"search_term_string\"}}],\"inLanguage\":\"de\"}]}<\/script>\n<!-- \/ Yoast SEO plugin. -->","yoast_head_json":{"title":"Werdegang und Qualifikationen - Mobile Praxis f\u00fcr klassische Tierhom\u00f6opathie","robots":{"index":"index","follow":"follow","max-snippet":"max-snippet:-1","max-image-preview":"max-image-preview:large","max-video-preview":"max-video-preview:-1"},"canonical":"https:\/\/thp-helmich.net\/?page_id=48","og_locale":"de_DE","og_type":"article","og_title":"Werdegang und Qualifikationen - Mobile Praxis f\u00fcr klassische Tierhom\u00f6opathie","og_description":"Hier finden Sie meinen Werdegang und meine Qualifikationen in klassischer Tierhom\u00f6opathie und tiermedizinischem Wissen. Ich bin 1971 geboren und lebe mit meiner Frau und unseren drei Katzen in Mainz-Kastel, direkt gegen\u00fcber der Mainzer Innenstadt. Nach Abschluss meines Magisterstudiums der nordamerikanischen, &hellip; Weiterlesen &rarr;","og_url":"https:\/\/thp-helmich.net\/?page_id=48","og_site_name":"Mobile Praxis f\u00fcr klassische Tierhom\u00f6opathie","article_modified_time":"2025-11-10T14:47:08+00:00","og_image":[{"width":640,"height":480,"url":"https:\/\/thp-helmich.net\/wp-content\/uploads\/2014\/04\/Foto-am-05-05-2012-um-12.24-2.jpg","type":"image\/jpeg"}],"twitter_card":"summary_large_image","twitter_misc":{"Gesch\u00e4tzte Lesezeit":"5\u00a0Minuten"},"schema":{"@context":"https:\/\/schema.org","@graph":[{"@type":"WebPage","@id":"https:\/\/thp-helmich.net\/?page_id=48","url":"https:\/\/thp-helmich.net\/?page_id=48","name":"Werdegang und Qualifikationen - Mobile Praxis f\u00fcr klassische Tierhom\u00f6opathie","isPartOf":{"@id":"https:\/\/thp-helmich.net\/#website"},"primaryImageOfPage":{"@id":"https:\/\/thp-helmich.net\/?page_id=48#primaryimage"},"image":{"@id":"https:\/\/thp-helmich.net\/?page_id=48#primaryimage"},"thumbnailUrl":"https:\/\/thp-helmich.net\/wp-content\/uploads\/2014\/04\/Foto-am-05-05-2012-um-12.24-2.jpg","datePublished":"2014-04-14T15:51:23+00:00","dateModified":"2025-11-10T14:47:08+00:00","breadcrumb":{"@id":"https:\/\/thp-helmich.net\/?page_id=48#breadcrumb"},"inLanguage":"de","potentialAction":[{"@type":"ReadAction","target":["https:\/\/thp-helmich.net\/?page_id=48"]}]},{"@type":"ImageObject","inLanguage":"de","@id":"https:\/\/thp-helmich.net\/?page_id=48#primaryimage","url":"https:\/\/thp-helmich.net\/wp-content\/uploads\/2014\/04\/Foto-am-05-05-2012-um-12.24-2.jpg","contentUrl":"https:\/\/thp-helmich.net\/wp-content\/uploads\/2014\/04\/Foto-am-05-05-2012-um-12.24-2.jpg","width":640,"height":480},{"@type":"BreadcrumbList","@id":"https:\/\/thp-helmich.net\/?page_id=48#breadcrumb","itemListElement":[{"@type":"ListItem","position":1,"name":"Startseite","item":"https:\/\/thp-helmich.net\/"},{"@type":"ListItem","position":2,"name":"Werdegang und Qualifikationen"}]},{"@type":"WebSite","@id":"https:\/\/thp-helmich.net\/#website","url":"https:\/\/thp-helmich.net\/","name":"Mobile Praxis f\u00fcr klassische Tierhom\u00f6opathie","description":"Max Helmich, M.A., THP (BkTD e.V.)","potentialAction":[{"@type":"SearchAction","target":{"@type":"EntryPoint","urlTemplate":"https:\/\/thp-helmich.net\/?s={search_term_string}"},"query-input":{"@type":"PropertyValueSpecification","valueRequired":true,"valueName":"search_term_string"}}],"inLanguage":"de"}]}},"_links":{"self":[{"href":"https:\/\/thp-helmich.net\/index.php?rest_route=\/wp\/v2\/pages\/48","targetHints":{"allow":["GET"]}}],"collection":[{"href":"https:\/\/thp-helmich.net\/index.php?rest_route=\/wp\/v2\/pages"}],"about":[{"href":"https:\/\/thp-helmich.net\/index.php?rest_route=\/wp\/v2\/types\/page"}],"author":[{"embeddable":true,"href":"https:\/\/thp-helmich.net\/index.php?rest_route=\/wp\/v2\/users\/1"}],"replies":[{"embeddable":true,"href":"https:\/\/thp-helmich.net\/index.php?rest_route=%2Fwp%2Fv2%2Fcomments&post=48"}],"version-history":[{"count":18,"href":"https:\/\/thp-helmich.net\/index.php?rest_route=\/wp\/v2\/pages\/48\/revisions"}],"predecessor-version":[{"id":445,"href":"https:\/\/thp-helmich.net\/index.php?rest_route=\/wp\/v2\/pages\/48\/revisions\/445"}],"wp:featuredmedia":[{"embeddable":true,"href":"https:\/\/thp-helmich.net\/index.php?rest_route=\/wp\/v2\/media\/51"}],"wp:attachment":[{"href":"https:\/\/thp-helmich.net\/index.php?rest_route=%2Fwp%2Fv2%2Fmedia&parent=48"}],"curies":[{"name":"wp","href":"https:\/\/api.w.org\/{rel}","templated":true}]}}